{"id":1060,"date":"2026-01-10T15:57:25","date_gmt":"2026-01-10T15:57:25","guid":{"rendered":"https:\/\/infidelsia.com\/kontakti\/"},"modified":"2026-01-16T14:55:10","modified_gmt":"2026-01-16T14:55:10","slug":"kontakti","status":"publish","type":"page","link":"https:\/\/infidelsia.com\/lv\/kontakti\/","title":{"rendered":"Kontakti"},"content":{"rendered":"\t\t<div data-elementor-type=\"wp-page\" data-elementor-id=\"1060\" class=\"elementor elementor-1060\" data-elementor-post-type=\"page\">\n\t\t\t\t<div class=\"elementor-element elementor-element-d5d89d1 e-flex e-con-boxed e-con e-parent\" data-id=\"d5d89d1\" data-element_type=\"container\">\n\t\t\t\t\t<div class=\"e-con-inner\">\n\t\t<div class=\"elementor-element elementor-element-5f86b60 e-grid e-con-full e-con e-child\" data-id=\"5f86b60\" data-element_type=\"container\">\n\t\t<div class=\"elementor-element elementor-element-1f83719 e-con-full e-flex e-con e-child\" data-id=\"1f83719\" data-element_type=\"container\" data-settings=\"{&quot;background_background&quot;:&quot;classic&quot;}\">\n\t\t\t\t<div class=\"elementor-element elementor-element-307a128 elementor-widget elementor-widget-heading\" data-id=\"307a128\" data-element_type=\"widget\" data-widget_type=\"heading.default\">\n\t\t\t\t\t<h2 class=\"elementor-heading-title elementor-size-default\">Darba laiks:<\/h2>\t\t\t\t<\/div>\n\t\t\t\t<div class=\"elementor-element elementor-element-fb7d014 elementor-widget elementor-widget-text-editor\" data-id=\"fb7d014\" data-element_type=\"widget\" data-widget_type=\"text-editor.default\">\n\t\t\t\t\t\t\t\t\t<p>Pirmdiena\u2013piektdiena: 9:00\u201318:00<br \/>Sestdiena\u2013sv\u0113tdiena: sl\u0113gts<\/p>\t\t\t\t\t\t\t\t<\/div>\n\t\t\t\t<div class=\"elementor-element elementor-element-c59ca45 elementor-widget elementor-widget-heading\" data-id=\"c59ca45\" data-element_type=\"widget\" data-widget_type=\"heading.default\">\n\t\t\t\t\t<h2 class=\"elementor-heading-title elementor-size-default\">Pas\u016bt\u012bjumu pie\u0146em\u0161ana:<\/h2>\t\t\t\t<\/div>\n\t\t\t\t<div class=\"elementor-element elementor-element-d622b91 desc elementor-widget elementor-widget-text-editor\" data-id=\"d622b91\" data-element_type=\"widget\" data-widget_type=\"text-editor.default\">\n\t\t\t\t\t\t\t\t\t<p>E-pasts: <a href=\"mailto:orders@infidelsia.com\">orders@infidelsia.com<\/a><\/p><p>Adrese: Jelgavas iela 47, R\u012bga, LV-1004<\/p><p>T\u0101lrunis: <a href=\"tel:+371 27093901\">+371 27093901<\/a><\/p>\t\t\t\t\t\t\t\t<\/div>\n\t\t\t\t<div class=\"elementor-element elementor-element-6739bab elementor-widget elementor-widget-heading\" data-id=\"6739bab\" data-element_type=\"widget\" data-widget_type=\"heading.default\">\n\t\t\t\t\t<h2 class=\"elementor-heading-title elementor-size-default\">Uz\u0146\u0113muma inform\u0101cija:<\/h2>\t\t\t\t<\/div>\n\t\t\t\t<div class=\"elementor-element elementor-element-7e0222f desc elementor-widget elementor-widget-text-editor\" data-id=\"7e0222f\" data-element_type=\"widget\" data-widget_type=\"text-editor.default\">\n\t\t\t\t\t\t\t\t\t<p>Uz\u0146\u0113muma nosaukums: SIA INFIDEL<\/p><p>Juridisk\u0101 adrese: Jaunsaules iela 5B-55, R\u012bga, LV-1083<\/p><p>Re\u0123istr\u0101cijas numurs: 40203615970<\/p><p>Banka: SEB BANK AS<\/p><p>Konta numurs: LV98UNLA0055005046894<\/p><p>SWIFT: UNLALV2X<\/p><p>E-pasts: <a href=\"mailto:info@infidelsia.com\">info@infidelsia.com<\/a><\/p><p>T\u0101lru\u0146a numurs: <a href=\"tel:+371 27093901\">+371 27093901<\/a><\/p>\t\t\t\t\t\t\t\t<\/div>\n\t\t\t\t<\/div>\n\t\t<div class=\"elementor-element elementor-element-ec836c4 e-con-full e-flex e-con e-child\" data-id=\"ec836c4\" data-element_type=\"container\" data-settings=\"{&quot;background_background&quot;:&quot;classic&quot;}\">\n\t\t\t\t<div class=\"elementor-element elementor-element-d443d41 elementor-widget elementor-widget-google_maps\" data-id=\"d443d41\" data-element_type=\"widget\" data-widget_type=\"google_maps.default\">\n\t\t\t\t\t\t\t<div class=\"elementor-custom-embed\">\n\t\t\t<iframe loading=\"lazy\"\n\t\t\t\t\tsrc=\"https:\/\/maps.google.com\/maps?q=Jelgavas%20iela%2047%2C%20R%C4%ABga%2C%20LV-1004&#038;t=m&#038;z=14&#038;output=embed&#038;iwloc=near\"\n\t\t\t\t\ttitle=\"Jelgavas iela 47, R\u012bga, LV-1004\"\n\t\t\t\t\taria-label=\"Jelgavas iela 47, R\u012bga, LV-1004\"\n\t\t\t><\/iframe>\n\t\t<\/div>\n\t\t\t\t\t\t<\/div>\n\t\t\t\t<\/div>\n\t\t\t\t<\/div>\n\t\t\t\t\t<\/div>\n\t\t\t\t<\/div>\n\t\t\t\t<\/div>\n\t\t","protected":false},"excerpt":{"rendered":"<p>Darba laiks: Pirmdiena\u2013piektdiena: 9:00\u201318:00Sestdiena\u2013sv\u0113tdiena: sl\u0113gts Pas\u016bt\u012bjumu pie\u0146em\u0161ana: E-pasts: orders@infidelsia.com Adrese: Jelgavas iela 47, R\u012bga, LV-1004 T\u0101lrunis: +371 27093901 Uz\u0146\u0113muma inform\u0101cija: Uz\u0146\u0113muma nosaukums: SIA INFIDEL Juridisk\u0101 adrese: Jaunsaules iela 5B-55, R\u012bga, LV-1083 Re\u0123istr\u0101cijas numurs: 40203615970 Banka: SEB BANK AS Konta numurs: LV98UNLA0055005046894 SWIFT: UNLALV2X E-pasts: info@infidelsia.com T\u0101lru\u0146a numurs: +371 27093901<\/p>\n","protected":false},"author":2,"featured_media":0,"parent":0,"menu_order":0,"comment_status":"closed","ping_status":"closed","template":"","meta":{"inline_featured_image":false,"footnotes":""},"class_list":["post-1060","page","type-page","status-publish","hentry"],"_links":{"self":[{"href":"https:\/\/infidelsia.com\/lv\/wp-json\/wp\/v2\/pages\/1060","targetHints":{"allow":["GET"]}}],"collection":[{"href":"https:\/\/infidelsia.com\/lv\/wp-json\/wp\/v2\/pages"}],"about":[{"href":"https:\/\/infidelsia.com\/lv\/wp-json\/wp\/v2\/types\/page"}],"author":[{"embeddable":true,"href":"https:\/\/infidelsia.com\/lv\/wp-json\/wp\/v2\/users\/2"}],"replies":[{"embeddable":true,"href":"https:\/\/infidelsia.com\/lv\/wp-json\/wp\/v2\/comments?post=1060"}],"version-history":[{"count":9,"href":"https:\/\/infidelsia.com\/lv\/wp-json\/wp\/v2\/pages\/1060\/revisions"}],"predecessor-version":[{"id":1363,"href":"https:\/\/infidelsia.com\/lv\/wp-json\/wp\/v2\/pages\/1060\/revisions\/1363"}],"wp:attachment":[{"href":"https:\/\/infidelsia.com\/lv\/wp-json\/wp\/v2\/media?parent=1060"}],"curies":[{"name":"wp","href":"https:\/\/api.w.org\/{rel}","templated":true}]}}