{"id":650,"date":"2025-12-03T17:15:40","date_gmt":"2025-12-03T17:15:40","guid":{"rendered":"https:\/\/infidel.r-one.dev\/aizliegtas-preces\/"},"modified":"2026-01-27T11:59:23","modified_gmt":"2026-01-27T11:59:23","slug":"aizliegtas-preces","status":"publish","type":"page","link":"https:\/\/infidelsia.com\/lv\/aizliegtas-preces\/","title":{"rendered":"Aizliegtu pre\u010du p\u0101rvad\u0101\u0161ana"},"content":{"rendered":"\t\t<div data-elementor-type=\"wp-page\" data-elementor-id=\"650\" class=\"elementor elementor-650\" data-elementor-post-type=\"page\">\n\t\t\t\t<div class=\"elementor-element elementor-element-d4e6fcf e-flex e-con-boxed e-con e-parent\" data-id=\"d4e6fcf\" data-element_type=\"container\">\n\t\t\t\t\t<div class=\"e-con-inner\">\n\t\t<div class=\"elementor-element elementor-element-8215959 e-con-full e-flex e-con e-child\" data-id=\"8215959\" data-element_type=\"container\">\n\t\t\t\t<div class=\"elementor-element elementor-element-39e6a65 elementor-widget elementor-widget-heading\" data-id=\"39e6a65\" data-element_type=\"widget\" data-widget_type=\"heading.default\">\n\t\t\t\t\t<h2 class=\"elementor-heading-title elementor-size-default\">Aizliegtu pre\u010du p\u0101rvad\u0101\u0161ana<\/h2>\t\t\t\t<\/div>\n\t\t\t\t<div class=\"elementor-element elementor-element-cff562c elementor-widget elementor-widget-text-editor\" data-id=\"cff562c\" data-element_type=\"widget\" data-widget_type=\"text-editor.default\">\n\t\t\t\t\t\t\t\t\t<p><span style=\"font-weight: 400;\">INFIDEL veic p\u0101rvad\u0101jumus, piln\u012bb\u0101 iev\u0113rojot starptautiskos un nacion\u0101los normat\u012bvus. Da\u017eas pre\u010du kategorijas nav at\u013cauts p\u0101rvad\u0101t vai t\u0101m nepiecie\u0161amas \u012bpa\u0161as at\u013caujas. \u0160ie ierobe\u017eojumi noteikti ar likumu, lai nodro\u0161in\u0101tu sensit\u012bvu materi\u0101lu aprites dro\u0161\u012bbu, likum\u012bbu un kontroli.<\/span><\/p><p><span style=\"font-weight: 400;\">Ja j\u016bsu s\u016bt\u012bjums ietilpst pre\u010du kategorij\u0101 ar \u012bpa\u0161iem nosac\u012bjumiem vai jums ir \u0161aubas par t\u0101 statusu, INFIDEL speci\u0101listi pal\u012bdz\u0113s p\u0101rbaud\u012bt p\u0101rvad\u0101juma pie\u013caujam\u012bbu un atrast piem\u0113rot\u0101ko risin\u0101jumu.<\/span><\/p>\t\t\t\t\t\t\t\t<\/div>\n\t\t\t\t<\/div>\n\t\t<div class=\"elementor-element elementor-element-5a0022c e-con-full e-flex e-con e-child\" data-id=\"5a0022c\" data-element_type=\"container\">\n\t\t\t\t<div class=\"elementor-element elementor-element-b0f9a08 elementor-widget elementor-widget-image\" data-id=\"b0f9a08\" data-element_type=\"widget\" data-widget_type=\"image.default\">\n\t\t\t\t\t\t\t\t\t\t\t\t\t\t\t<img decoding=\"async\" src=\"https:\/\/infidelsia.com\/wp-content\/uploads\/2025\/12\/image-2.webp\" title=\"\" alt=\"\" loading=\"lazy\" \/>\t\t\t\t\t\t\t\t\t\t\t\t\t\t\t<\/div>\n\t\t\t\t<\/div>\n\t\t\t\t\t<\/div>\n\t\t\t\t<\/div>\n\t\t<div class=\"elementor-element elementor-element-c67d513 e-flex e-con-boxed e-con e-parent\" data-id=\"c67d513\" data-element_type=\"container\">\n\t\t\t\t\t<div class=\"e-con-inner\">\n\t\t\t\t<div class=\"elementor-element elementor-element-69ca47c elementor-widget elementor-widget-heading\" data-id=\"69ca47c\" data-element_type=\"widget\" data-widget_type=\"heading.default\">\n\t\t\t\t\t<h2 class=\"elementor-heading-title elementor-size-default\">Ierobe\u017eojumu iemesli<\/h2>\t\t\t\t<\/div>\n\t\t<div class=\"elementor-element elementor-element-83d0385 e-grid e-con-full e-con e-child\" data-id=\"83d0385\" data-element_type=\"container\">\n\t\t<div class=\"elementor-element elementor-element-a4af1a9 e-con-full e-flex e-con e-child\" data-id=\"a4af1a9\" data-element_type=\"container\" data-settings=\"{&quot;background_background&quot;:&quot;classic&quot;}\">\n\t\t\t\t<div class=\"elementor-element elementor-element-e32c2f8 elementor-position-inline-start elementor-view-default elementor-mobile-position-block-start elementor-widget elementor-widget-icon-box\" data-id=\"e32c2f8\" data-element_type=\"widget\" data-widget_type=\"icon-box.default\">\n\t\t\t\t\t\t\t<div class=\"elementor-icon-box-wrapper\">\n\n\t\t\t\t\t\t<div class=\"elementor-icon-box-icon\">\n\t\t\t\t<span  class=\"elementor-icon\">\n\t\t\t\t<svg xmlns=\"http:\/\/www.w3.org\/2000\/svg\" width=\"52\" height=\"52\" viewBox=\"0 0 52 52\" fill=\"none\"><path d=\"M0 8C0 3.58172 3.58172 0 8 0H44C48.4183 0 52 3.58172 52 8V44C52 48.4183 48.4183 52 44 52H8C3.58172 52 0 48.4183 0 44V8Z\" fill=\"#3D52F4\"><\/path><path d=\"M38 27.4999C38 34.9999 32.75 38.7499 26.51 40.9249C26.1832 41.0357 25.8283 41.0304 25.505 40.9099C19.25 38.7499 14 34.9999 14 27.4999V16.9999C14 16.6021 14.158 16.2206 14.4393 15.9393C14.7206 15.658 15.1022 15.4999 15.5 15.4999C18.5 15.4999 22.25 13.6999 24.86 11.4199C25.1778 11.1484 25.582 10.9993 26 10.9993C26.418 10.9993 26.8222 11.1484 27.14 11.4199C29.765 13.7149 33.5 15.4999 36.5 15.4999C36.8978 15.4999 37.2794 15.658 37.5607 15.9393C37.842 16.2206 38 16.6021 38 16.9999V27.4999Z\" stroke=\"white\" stroke-width=\"2.2\" stroke-linecap=\"round\" stroke-linejoin=\"round\"><\/path><path d=\"M21.5 26L24.5 29L30.5 23\" stroke=\"white\" stroke-width=\"1.7\" stroke-linecap=\"round\" stroke-linejoin=\"round\"><\/path><\/svg>\t\t\t\t<\/span>\n\t\t\t<\/div>\n\t\t\t\n\t\t\t\t\t\t<div class=\"elementor-icon-box-content\">\n\n\t\t\t\t\t\t\t\t\t<div class=\"elementor-icon-box-title\">\n\t\t\t\t\t\t<span  >\n\t\t\t\t\t\t\tDro\u0161\u012bba\t\t\t\t\t\t<\/span>\n\t\t\t\t\t<\/div>\n\t\t\t\t\n\t\t\t\t\n\t\t\t<\/div>\n\t\t\t\n\t\t<\/div>\n\t\t\t\t\t\t<\/div>\n\t\t\t\t<div class=\"elementor-element elementor-element-42f3fd0 elementor-widget elementor-widget-text-editor\" data-id=\"42f3fd0\" data-element_type=\"widget\" data-widget_type=\"text-editor.default\">\n\t\t\t\t\t\t\t\t\t<p><span style=\"font-weight: 400;\">Da\u017eas vielas var rad\u012bt potenci\u0101lu draudu darbiniekiem, infrastrukt\u016brai un transportam.<\/span><\/p>\t\t\t\t\t\t\t\t<\/div>\n\t\t\t\t<\/div>\n\t\t<div class=\"elementor-element elementor-element-77654e6 e-con-full e-flex e-con e-child\" data-id=\"77654e6\" data-element_type=\"container\" data-settings=\"{&quot;background_background&quot;:&quot;classic&quot;}\">\n\t\t\t\t<div class=\"elementor-element elementor-element-707e923 elementor-position-inline-start elementor-view-default elementor-mobile-position-block-start elementor-widget elementor-widget-icon-box\" data-id=\"707e923\" data-element_type=\"widget\" data-widget_type=\"icon-box.default\">\n\t\t\t\t\t\t\t<div class=\"elementor-icon-box-wrapper\">\n\n\t\t\t\t\t\t<div class=\"elementor-icon-box-icon\">\n\t\t\t\t<span  class=\"elementor-icon\">\n\t\t\t\t<svg xmlns=\"http:\/\/www.w3.org\/2000\/svg\" width=\"52\" height=\"52\" viewBox=\"0 0 52 52\" fill=\"none\"><path d=\"M0 8C0 3.58172 3.58172 0 8 0H44C48.4183 0 52 3.58172 52 8V44C52 48.4183 48.4183 52 44 52H8C3.58172 52 0 48.4183 0 44V8Z\" fill=\"#3D52F4\"><\/path><path d=\"M11.0008 41.0001C12.8758 39.5196 14.4058 38.0376 16.8508 37.7001C18.9675 37.6996 21.0052 38.5039 22.5508 39.9501C23.3529 40.512 24.2804 40.869 25.2522 40.9899C26.2241 41.1109 27.2107 40.9921 28.1261 40.644C29.0415 40.2958 29.8577 39.7289 30.5036 38.9927C31.1495 38.2566 31.6053 37.3735 31.8313 36.4206C32.8045 36.5941 33.807 36.4893 34.7232 36.1182C35.6395 35.7472 36.4324 35.125 37.0107 34.3232C37.589 33.5214 37.9292 32.5727 37.9921 31.5861C38.055 30.5996 37.8381 29.6153 37.3663 28.7466C38.2262 28.4688 38.9998 27.9737 39.6123 27.3093C40.2248 26.6449 40.6555 25.8337 40.8626 24.9541C41.0697 24.0745 41.0463 23.1563 40.7945 22.2885C40.5428 21.4206 40.0714 20.6323 39.4258 20.0001C39.9133 19.5125 40.3001 18.9337 40.5639 18.2968C40.8278 17.6598 40.9636 16.977 40.9636 16.2876C40.9636 15.5981 40.8278 14.9154 40.5639 14.2784C40.3001 13.6414 39.9133 13.0626 39.4258 12.5751C38.9383 12.0875 38.3595 11.7008 37.7225 11.4369C37.0855 11.1731 36.4028 11.0373 35.7133 11.0373C34.3208 11.0373 32.9854 11.5904 32.0008 12.5751C31.3685 11.9295 30.5803 11.458 29.7124 11.2063C28.8445 10.9546 27.9264 10.9312 27.0468 11.1383C26.1672 11.3454 25.3559 11.776 24.6915 12.3885C24.0272 13.0011 23.5321 13.7747 23.2543 14.6346C22.3856 14.1628 21.4013 13.9459 20.4147 14.0088C19.4282 14.0717 18.4794 14.4118 17.6777 14.9901C16.8759 15.5684 16.2537 16.3613 15.8826 17.2776C15.5116 18.1939 15.4068 19.1963 15.5803 20.1696C14.6357 20.3996 13.7611 20.8557 13.0319 21.4987C12.3026 22.1417 11.7406 22.9523 11.3941 23.8606C11.0475 24.769 10.9269 25.748 11.0426 26.7133C11.1584 27.6786 11.5069 28.6013 12.0583 29.4021C13.2493 31.1301 14.6143 33.0681 14.3008 35.1501C13.8898 37.6146 12.5218 39.0981 11.0008 41.0001Z\" stroke=\"white\" stroke-width=\"2.2\" stroke-linecap=\"round\" stroke-linejoin=\"round\"><\/path><path d=\"M11 41L33.5 18.5\" stroke=\"white\" stroke-width=\"1.7\" stroke-linecap=\"round\" stroke-linejoin=\"round\"><\/path><\/svg>\t\t\t\t<\/span>\n\t\t\t<\/div>\n\t\t\t\n\t\t\t\t\t\t<div class=\"elementor-icon-box-content\">\n\n\t\t\t\t\t\t\t\t\t<div class=\"elementor-icon-box-title\">\n\t\t\t\t\t\t<span  >\n\t\t\t\t\t\t\tEkolo\u0123isk\u0101s pras\u012bbas\t\t\t\t\t\t<\/span>\n\t\t\t\t\t<\/div>\n\t\t\t\t\n\t\t\t\t\n\t\t\t<\/div>\n\t\t\t\n\t\t<\/div>\n\t\t\t\t\t\t<\/div>\n\t\t\t\t<div class=\"elementor-element elementor-element-219eec4 elementor-widget elementor-widget-text-editor\" data-id=\"219eec4\" data-element_type=\"widget\" data-widget_type=\"text-editor.default\">\n\t\t\t\t\t\t\t\t\t<p><span style=\"font-weight: 400;\">Da\u017ei materi\u0101li var nodar\u012bt b\u016btisku kait\u0113jumu videi, ja tiek p\u0101rk\u0101pti p\u0101rvad\u0101\u0161anas nosac\u012bjumi.<\/span><\/p>\t\t\t\t\t\t\t\t<\/div>\n\t\t\t\t<\/div>\n\t\t<div class=\"elementor-element elementor-element-459c371 e-con-full e-flex e-con e-child\" data-id=\"459c371\" data-element_type=\"container\" data-settings=\"{&quot;background_background&quot;:&quot;classic&quot;}\">\n\t\t\t\t<div class=\"elementor-element elementor-element-36d0c53 elementor-position-inline-start elementor-view-default elementor-mobile-position-block-start elementor-widget elementor-widget-icon-box\" data-id=\"36d0c53\" data-element_type=\"widget\" data-widget_type=\"icon-box.default\">\n\t\t\t\t\t\t\t<div class=\"elementor-icon-box-wrapper\">\n\n\t\t\t\t\t\t<div class=\"elementor-icon-box-icon\">\n\t\t\t\t<span  class=\"elementor-icon\">\n\t\t\t\t<svg xmlns=\"http:\/\/www.w3.org\/2000\/svg\" width=\"52\" height=\"52\" viewBox=\"0 0 52 52\" fill=\"none\"><path d=\"M0 8C0 3.58172 3.58172 0 8 0H44C48.4183 0 52 3.58172 52 8V44C52 48.4183 48.4183 52 44 52H8C3.58172 52 0 48.4183 0 44V8Z\" fill=\"#3D52F4\"><\/path><path d=\"M26 12.5V39.5\" stroke=\"white\" stroke-width=\"2.2\" stroke-linecap=\"round\" stroke-linejoin=\"round\"><\/path><path d=\"M36.5 20L41 32C39.7018 32.9737 38.1228 33.5 36.5 33.5C34.8772 33.5 33.2982 32.9737 32 32L36.5 20ZM36.5 20V18.5\" stroke=\"white\" stroke-width=\"1.7\" stroke-linecap=\"round\" stroke-linejoin=\"round\"><\/path><path d=\"M12.5 18.5H14C18.1856 18.5 22.3068 17.4697 26 15.5C29.6932 17.4697 33.8144 18.5 38 18.5H39.5\" stroke=\"white\" stroke-width=\"1.7\" stroke-linecap=\"round\" stroke-linejoin=\"round\"><\/path><path d=\"M15.5 20L20 32C18.7018 32.9737 17.1228 33.5 15.5 33.5C13.8772 33.5 12.2982 32.9737 11 32L15.5 20ZM15.5 20V18.5\" stroke=\"white\" stroke-width=\"1.7\" stroke-linecap=\"round\" stroke-linejoin=\"round\"><\/path><path d=\"M18.5 39.5H33.5\" stroke=\"white\" stroke-width=\"1.7\" stroke-linecap=\"round\" stroke-linejoin=\"round\"><\/path><\/svg>\t\t\t\t<\/span>\n\t\t\t<\/div>\n\t\t\t\n\t\t\t\t\t\t<div class=\"elementor-icon-box-content\">\n\n\t\t\t\t\t\t\t\t\t<div class=\"elementor-icon-box-title\">\n\t\t\t\t\t\t<span  >\n\t\t\t\t\t\t\tJuridiskais regul\u0113jums\t\t\t\t\t\t<\/span>\n\t\t\t\t\t<\/div>\n\t\t\t\t\n\t\t\t\t\n\t\t\t<\/div>\n\t\t\t\n\t\t<\/div>\n\t\t\t\t\t\t<\/div>\n\t\t\t\t<div class=\"elementor-element elementor-element-e790692 elementor-widget elementor-widget-text-editor\" data-id=\"e790692\" data-element_type=\"widget\" data-widget_type=\"text-editor.default\">\n\t\t\t\t\t\t\t\t\t<p><span style=\"font-weight: 400;\">Starptautiskie un nacion\u0101lie normat\u012bvi ierobe\u017eo atsevi\u0161\u0137u pre\u010du kategoriju p\u0101rvad\u0101\u0161anu, lai nov\u0113rstu nelikum\u012bgu apriti un nodro\u0161in\u0101tu nozares pras\u012bbu iev\u0113ro\u0161anu.<\/span><\/p>\t\t\t\t\t\t\t\t<\/div>\n\t\t\t\t<\/div>\n\t\t<div class=\"elementor-element elementor-element-3a04bf3 e-con-full e-flex e-con e-child\" data-id=\"3a04bf3\" data-element_type=\"container\" data-settings=\"{&quot;background_background&quot;:&quot;classic&quot;}\">\n\t\t\t\t<div class=\"elementor-element elementor-element-d421b35 elementor-position-inline-start elementor-view-default elementor-mobile-position-block-start elementor-widget elementor-widget-icon-box\" data-id=\"d421b35\" data-element_type=\"widget\" data-widget_type=\"icon-box.default\">\n\t\t\t\t\t\t\t<div class=\"elementor-icon-box-wrapper\">\n\n\t\t\t\t\t\t<div class=\"elementor-icon-box-icon\">\n\t\t\t\t<span  class=\"elementor-icon\">\n\t\t\t\t<svg xmlns=\"http:\/\/www.w3.org\/2000\/svg\" width=\"52\" height=\"52\" viewBox=\"0 0 52 52\" fill=\"none\"><path d=\"M0 8C0 3.58172 3.58172 0 8 0H44C48.4183 0 52 3.58172 52 8V44C52 48.4183 48.4183 52 44 52H8C3.58172 52 0 48.4183 0 44V8Z\" fill=\"#3D52F4\"><\/path><path d=\"M39.5 19.9999C39.4995 19.4738 39.3606 18.9571 39.0973 18.5016C38.834 18.0461 38.4556 17.6679 38 17.4049L27.5 11.4049C27.0439 11.1415 26.5266 11.0029 26 11.0029C25.4734 11.0029 24.9561 11.1415 24.5 11.4049L14 17.4049C13.5444 17.6679 13.166 18.0461 12.9027 18.5016C12.6394 18.9571 12.5005 19.4738 12.5 19.9999V31.9999C12.5005 32.5259 12.6394 33.0426 12.9027 33.4981C13.166 33.9536 13.5444 34.3318 14 34.5949L24.5 40.5949C24.9561 40.8582 25.4734 40.9968 26 40.9968C26.5266 40.9968 27.0439 40.8582 27.5 40.5949L38 34.5949C38.4556 34.3318 38.834 33.9536 39.0973 33.4981C39.3606 33.0426 39.4995 32.5259 39.5 31.9999V19.9999Z\" stroke=\"white\" stroke-width=\"2.2\" stroke-linecap=\"round\" stroke-linejoin=\"round\"><\/path><path d=\"M12.9512 18.5L26.0012 26L39.0512 18.5\" stroke=\"white\" stroke-width=\"1.7\" stroke-linecap=\"round\" stroke-linejoin=\"round\"><\/path><path d=\"M26 41V26\" stroke=\"white\" stroke-width=\"1.7\" stroke-linecap=\"round\" stroke-linejoin=\"round\"><\/path><\/svg>\t\t\t\t<\/span>\n\t\t\t<\/div>\n\t\t\t\n\t\t\t\t\t\t<div class=\"elementor-icon-box-content\">\n\n\t\t\t\t\t\t\t\t\t<div class=\"elementor-icon-box-title\">\n\t\t\t\t\t\t<span  >\n\t\t\t\t\t\t\tMantisk\u0101s v\u0113rt\u012bbas saglab\u0101\u0161ana\t\t\t\t\t\t<\/span>\n\t\t\t\t\t<\/div>\n\t\t\t\t\n\t\t\t\t\n\t\t\t<\/div>\n\t\t\t\n\t\t<\/div>\n\t\t\t\t\t\t<\/div>\n\t\t\t\t<div class=\"elementor-element elementor-element-32f4a9b elementor-widget elementor-widget-text-editor\" data-id=\"32f4a9b\" data-element_type=\"widget\" data-widget_type=\"text-editor.default\">\n\t\t\t\t\t\t\t\t\t<p><span style=\"font-weight: 400;\">Neatbilsto\u0161as vai nestabilas kravas var izrais\u012bt transportl\u012bdzek\u013cu vai citu s\u016bt\u012bjumu boj\u0101jumus.<\/span><\/p>\t\t\t\t\t\t\t\t<\/div>\n\t\t\t\t<\/div>\n\t\t\t\t<\/div>\n\t\t\t\t\t<\/div>\n\t\t\t\t<\/div>\n\t\t\t\t<\/div>\n\t\t","protected":false},"excerpt":{"rendered":"<p>Aizliegtu pre\u010du p\u0101rvad\u0101\u0161ana INFIDEL veic p\u0101rvad\u0101jumus, piln\u012bb\u0101 iev\u0113rojot starptautiskos un nacion\u0101los normat\u012bvus. Da\u017eas pre\u010du kategorijas nav at\u013cauts p\u0101rvad\u0101t vai t\u0101m nepiecie\u0161amas \u012bpa\u0161as at\u013caujas. \u0160ie ierobe\u017eojumi noteikti ar likumu, lai nodro\u0161in\u0101tu sensit\u012bvu materi\u0101lu aprites dro\u0161\u012bbu, likum\u012bbu un kontroli. Ja j\u016bsu s\u016bt\u012bjums ietilpst pre\u010du kategorij\u0101 ar \u012bpa\u0161iem nosac\u012bjumiem vai jums ir \u0161aubas par t\u0101 statusu, INFIDEL speci\u0101listi [&hellip;]<\/p>\n","protected":false},"author":2,"featured_media":0,"parent":0,"menu_order":0,"comment_status":"closed","ping_status":"closed","template":"","meta":{"inline_featured_image":false,"footnotes":""},"class_list":["post-650","page","type-page","status-publish","hentry"],"_links":{"self":[{"href":"https:\/\/infidelsia.com\/lv\/wp-json\/wp\/v2\/pages\/650","targetHints":{"allow":["GET"]}}],"collection":[{"href":"https:\/\/infidelsia.com\/lv\/wp-json\/wp\/v2\/pages"}],"about":[{"href":"https:\/\/infidelsia.com\/lv\/wp-json\/wp\/v2\/types\/page"}],"author":[{"embeddable":true,"href":"https:\/\/infidelsia.com\/lv\/wp-json\/wp\/v2\/users\/2"}],"replies":[{"embeddable":true,"href":"https:\/\/infidelsia.com\/lv\/wp-json\/wp\/v2\/comments?post=650"}],"version-history":[{"count":10,"href":"https:\/\/infidelsia.com\/lv\/wp-json\/wp\/v2\/pages\/650\/revisions"}],"predecessor-version":[{"id":1455,"href":"https:\/\/infidelsia.com\/lv\/wp-json\/wp\/v2\/pages\/650\/revisions\/1455"}],"wp:attachment":[{"href":"https:\/\/infidelsia.com\/lv\/wp-json\/wp\/v2\/media?parent=650"}],"curies":[{"name":"wp","href":"https:\/\/api.w.org\/{rel}","templated":true}]}}