{"id":698,"date":"2025-12-03T17:15:54","date_gmt":"2025-12-03T17:15:54","guid":{"rendered":"https:\/\/infidel.r-one.dev\/dokumentu-sagatavosana\/"},"modified":"2026-04-14T08:41:17","modified_gmt":"2026-04-14T08:41:17","slug":"dokumentu-sagatavosana","status":"publish","type":"page","link":"https:\/\/infidelsia.com\/lv\/dokumentu-sagatavosana\/","title":{"rendered":"Dokumentu sagatavo\u0161ana"},"content":{"rendered":"\t\t<div data-elementor-type=\"wp-page\" data-elementor-id=\"698\" class=\"elementor elementor-698\" data-elementor-post-type=\"page\">\n\t\t\t\t<div class=\"elementor-element elementor-element-c2ef263 e-flex e-con-boxed e-con e-parent\" data-id=\"c2ef263\" data-element_type=\"container\">\n\t\t\t\t\t<div class=\"e-con-inner\">\n\t\t\t\t<div class=\"elementor-element elementor-element-5c63d8b elementor-widget elementor-widget-heading\" data-id=\"5c63d8b\" data-element_type=\"widget\" data-widget_type=\"heading.default\">\n\t\t\t\t\t<h2 class=\"elementor-heading-title elementor-size-default\">Dokumentu sagatavo\u0161ana<\/h2>\t\t\t\t<\/div>\n\t\t<div class=\"elementor-element elementor-element-f4a688d e-grid e-con-full e-con e-child\" data-id=\"f4a688d\" data-element_type=\"container\">\n\t\t<div class=\"elementor-element elementor-element-4a473fc e-con-full e-flex e-con e-child\" data-id=\"4a473fc\" data-element_type=\"container\" data-settings=\"{&quot;background_background&quot;:&quot;classic&quot;}\">\n\t\t\t\t<div class=\"elementor-element elementor-element-647cd1b elementor-position-inline-start elementor-view-default elementor-mobile-position-block-start elementor-widget elementor-widget-icon-box\" data-id=\"647cd1b\" data-element_type=\"widget\" data-widget_type=\"icon-box.default\">\n\t\t\t\t\t\t\t<div class=\"elementor-icon-box-wrapper\">\n\n\t\t\t\t\t\t<div class=\"elementor-icon-box-icon\">\n\t\t\t\t<span  class=\"elementor-icon\">\n\t\t\t\t<svg xmlns=\"http:\/\/www.w3.org\/2000\/svg\" width=\"52\" height=\"52\" viewBox=\"0 0 52 52\" fill=\"none\"><path d=\"M0 8C0 3.58172 3.58172 0 8 0H44C48.4183 0 52 3.58172 52 8V44C52 48.4183 48.4183 52 44 52H8C3.58172 52 0 48.4183 0 44V8Z\" fill=\"#3D52F4\"><\/path><path d=\"M25.18 35V20.876L21.94 22.856V19.664L25.18 17.72H28.132V35H25.18Z\" fill=\"white\"><\/path><\/svg>\t\t\t\t<\/span>\n\t\t\t<\/div>\n\t\t\t\n\t\t\t\t\t\t<div class=\"elementor-icon-box-content\">\n\n\t\t\t\t\t\t\t\t\t<div class=\"elementor-icon-box-title\">\n\t\t\t\t\t\t<span  >\n\t\t\t\t\t\t\tTransporta dokumentu sagatavo\u0161ana (AWB\/CMR)\t\t\t\t\t\t<\/span>\n\t\t\t\t\t<\/div>\n\t\t\t\t\n\t\t\t\t\n\t\t\t<\/div>\n\t\t\t\n\t\t<\/div>\n\t\t\t\t\t\t<\/div>\n\t\t\t\t<div class=\"elementor-element elementor-element-0f677c4 elementor-widget elementor-widget-text-editor\" data-id=\"0f677c4\" data-element_type=\"widget\" data-widget_type=\"text-editor.default\">\n\t\t\t\t\t\t\t\t\t<p>INFIDEL noform\u0113 avi\u0101cijas un autotransporta pavadz\u012bmes atbilsto\u0161i starptautiskaj\u0101m pras\u012bb\u0101m. Dokumenti ietver inform\u0101ciju par nos\u016bt\u012bt\u0101ju, sa\u0146\u0113m\u0113ju, kravu un pieg\u0101des nosac\u012bjumiem.<\/p>\t\t\t\t\t\t\t\t<\/div>\n\t\t\t\t<\/div>\n\t\t<div class=\"elementor-element elementor-element-d91d956 e-con-full e-flex e-con e-child\" data-id=\"d91d956\" data-element_type=\"container\" data-settings=\"{&quot;background_background&quot;:&quot;classic&quot;}\">\n\t\t\t\t<div class=\"elementor-element elementor-element-3570b3c elementor-position-inline-start elementor-view-default elementor-mobile-position-block-start elementor-widget elementor-widget-icon-box\" data-id=\"3570b3c\" data-element_type=\"widget\" data-widget_type=\"icon-box.default\">\n\t\t\t\t\t\t\t<div class=\"elementor-icon-box-wrapper\">\n\n\t\t\t\t\t\t<div class=\"elementor-icon-box-icon\">\n\t\t\t\t<span  class=\"elementor-icon\">\n\t\t\t\t<svg xmlns=\"http:\/\/www.w3.org\/2000\/svg\" width=\"52\" height=\"52\" viewBox=\"0 0 52 52\" fill=\"none\"><path d=\"M0 8C0 3.58172 3.58172 0 8 0H44C48.4183 0 52 3.58172 52 8V44C52 48.4183 48.4183 52 44 52H8C3.58172 52 0 48.4183 0 44V8Z\" fill=\"#3D52F4\"><\/path><path d=\"M19.7 34.976V32.456L27.092 25.868C27.668 25.356 28.068 24.872 28.292 24.416C28.516 23.96 28.628 23.52 28.628 23.096C28.628 22.52 28.504 22.008 28.256 21.56C28.008 21.104 27.664 20.744 27.224 20.48C26.792 20.216 26.292 20.084 25.724 20.084C25.124 20.084 24.592 20.224 24.128 20.504C23.672 20.776 23.316 21.14 23.06 21.596C22.804 22.052 22.684 22.544 22.7 23.072H19.724C19.724 21.92 19.98 20.916 20.492 20.06C21.012 19.204 21.724 18.54 22.628 18.068C23.54 17.596 24.592 17.36 25.784 17.36C26.888 17.36 27.88 17.608 28.76 18.104C29.64 18.592 30.332 19.272 30.836 20.144C31.34 21.008 31.592 22.004 31.592 23.132C31.592 23.956 31.48 24.648 31.256 25.208C31.032 25.768 30.696 26.284 30.248 26.756C29.808 27.228 29.26 27.752 28.604 28.328L23.36 32.972L23.096 32.252H31.592V34.976H19.7Z\" fill=\"white\"><\/path><\/svg>\t\t\t\t<\/span>\n\t\t\t<\/div>\n\t\t\t\n\t\t\t\t\t\t<div class=\"elementor-icon-box-content\">\n\n\t\t\t\t\t\t\t\t\t<div class=\"elementor-icon-box-title\">\n\t\t\t\t\t\t<span  >\n\t\t\t\t\t\t\tR\u0113\u0137ina (invoice) un iepakojuma saraksta sagatavo\u0161ana\t\t\t\t\t\t<\/span>\n\t\t\t\t\t<\/div>\n\t\t\t\t\n\t\t\t\t\n\t\t\t<\/div>\n\t\t\t\n\t\t<\/div>\n\t\t\t\t\t\t<\/div>\n\t\t\t\t<div class=\"elementor-element elementor-element-da67dc6 elementor-widget elementor-widget-text-editor\" data-id=\"da67dc6\" data-element_type=\"widget\" data-widget_type=\"text-editor.default\">\n\t\t\t\t\t\t\t\t\t<p><span style=\"font-weight: 400;\">M\u0113s sagatavojam korektu r\u0113\u0137inu un detaliz\u0113tu iepakojuma sarakstu, kas nepiecie\u0161ami muitas proced\u016br\u0101m, k\u0101 ar\u012b s\u016bt\u012bjuma v\u0113rt\u012bbas un sast\u0101va apstiprin\u0101\u0161anai.<\/span><span style=\"font-weight: 400;\"><br \/><\/span><\/p>\t\t\t\t\t\t\t\t<\/div>\n\t\t\t\t<\/div>\n\t\t<div class=\"elementor-element elementor-element-4fe3db4 e-con-full e-flex e-con e-child\" data-id=\"4fe3db4\" data-element_type=\"container\" data-settings=\"{&quot;background_background&quot;:&quot;classic&quot;}\">\n\t\t\t\t<div class=\"elementor-element elementor-element-8a5b463 elementor-position-inline-start elementor-view-default elementor-mobile-position-block-start elementor-widget elementor-widget-icon-box\" data-id=\"8a5b463\" data-element_type=\"widget\" data-widget_type=\"icon-box.default\">\n\t\t\t\t\t\t\t<div class=\"elementor-icon-box-wrapper\">\n\n\t\t\t\t\t\t<div class=\"elementor-icon-box-icon\">\n\t\t\t\t<span  class=\"elementor-icon\">\n\t\t\t\t<svg xmlns=\"http:\/\/www.w3.org\/2000\/svg\" width=\"52\" height=\"52\" viewBox=\"0 0 52 52\" fill=\"none\"><path d=\"M0 8C0 3.58172 3.58172 0 8 0H44C48.4183 0 52 3.58172 52 8V44C52 48.4183 48.4183 52 44 52H8C3.58172 52 0 48.4183 0 44V8Z\" fill=\"#3D52F4\"><\/path><path d=\"M25.624 35.324C24.76 35.324 23.944 35.156 23.176 34.82C22.408 34.484 21.74 34.008 21.172 33.392C20.612 32.776 20.208 32.048 19.96 31.208L22.756 30.452C22.956 31.14 23.32 31.672 23.848 32.048C24.384 32.416 24.972 32.596 25.612 32.588C26.18 32.588 26.688 32.456 27.136 32.192C27.584 31.928 27.936 31.572 28.192 31.124C28.448 30.668 28.576 30.16 28.576 29.6C28.576 28.744 28.3 28.028 27.748 27.452C27.196 26.876 26.484 26.588 25.612 26.588C25.348 26.588 25.088 26.624 24.832 26.696C24.584 26.768 24.344 26.868 24.112 26.996L22.792 24.716L28.6 19.748L28.852 20.444H20.632V17.72H31.228V20.456L26.56 24.944L26.536 24.092C27.584 24.164 28.476 24.456 29.212 24.968C29.956 25.48 30.524 26.14 30.916 26.948C31.316 27.756 31.516 28.64 31.516 29.6C31.516 30.688 31.248 31.664 30.712 32.528C30.184 33.392 29.472 34.076 28.576 34.58C27.688 35.076 26.704 35.324 25.624 35.324Z\" fill=\"white\"><\/path><\/svg>\t\t\t\t<\/span>\n\t\t\t<\/div>\n\t\t\t\n\t\t\t\t\t\t<div class=\"elementor-icon-box-content\">\n\n\t\t\t\t\t\t\t\t\t<div class=\"elementor-icon-box-title\">\n\t\t\t\t\t\t<span  >\n\t\t\t\t\t\t\tB\u012bstamo kravu deklar\u0101cija (DG)\t\t\t\t\t\t<\/span>\n\t\t\t\t\t<\/div>\n\t\t\t\t\n\t\t\t\t\n\t\t\t<\/div>\n\t\t\t\n\t\t<\/div>\n\t\t\t\t\t\t<\/div>\n\t\t\t\t<div class=\"elementor-element elementor-element-3b7cbff elementor-widget elementor-widget-text-editor\" data-id=\"3b7cbff\" data-element_type=\"widget\" data-widget_type=\"text-editor.default\">\n\t\t\t\t\t\t\t\t\t<p><span style=\"font-weight: 400;\">Noform\u0113jam deklar\u0101ciju viel\u0101m, kas klasific\u0113tas k\u0101 b\u012bstamas kravas, atbilsto\u0161i IATA un ADR standartiem.<\/span><\/p>\t\t\t\t\t\t\t\t<\/div>\n\t\t\t\t<\/div>\n\t\t<div class=\"elementor-element elementor-element-f5e7964 e-con-full e-flex e-con e-child\" data-id=\"f5e7964\" data-element_type=\"container\" data-settings=\"{&quot;background_background&quot;:&quot;classic&quot;}\">\n\t\t\t\t<div class=\"elementor-element elementor-element-48a97ac elementor-position-inline-start elementor-view-default elementor-mobile-position-block-start elementor-widget elementor-widget-icon-box\" data-id=\"48a97ac\" data-element_type=\"widget\" data-widget_type=\"icon-box.default\">\n\t\t\t\t\t\t\t<div class=\"elementor-icon-box-wrapper\">\n\n\t\t\t\t\t\t<div class=\"elementor-icon-box-icon\">\n\t\t\t\t<span  class=\"elementor-icon\">\n\t\t\t\t<svg xmlns=\"http:\/\/www.w3.org\/2000\/svg\" width=\"52\" height=\"52\" viewBox=\"0 0 52 52\" fill=\"none\"><path d=\"M0 8C0 3.58172 3.58172 0 8 0H44C48.4183 0 52 3.58172 52 8V44C52 48.4183 48.4183 52 44 52H8C3.58172 52 0 48.4183 0 44V8Z\" fill=\"#3D52F4\"><\/path><path d=\"M27.356 35V32.144H19.7V29.444L25.232 17.72H28.532L23 29.444H27.356V24.944H30.284V29.444H31.904V32.144H30.284V35H27.356Z\" fill=\"white\"><\/path><\/svg>\t\t\t\t<\/span>\n\t\t\t<\/div>\n\t\t\t\n\t\t\t\t\t\t<div class=\"elementor-icon-box-content\">\n\n\t\t\t\t\t\t\t\t\t<div class=\"elementor-icon-box-title\">\n\t\t\t\t\t\t<span  >\n\t\t\t\t\t\t\tZVA un PVD at\u013caujas\t\t\t\t\t\t<\/span>\n\t\t\t\t\t<\/div>\n\t\t\t\t\n\t\t\t\t\n\t\t\t<\/div>\n\t\t\t\n\t\t<\/div>\n\t\t\t\t\t\t<\/div>\n\t\t\t\t<div class=\"elementor-element elementor-element-a0bd083 elementor-widget elementor-widget-text-editor\" data-id=\"a0bd083\" data-element_type=\"widget\" data-widget_type=\"text-editor.default\">\n\t\t\t\t\t\t\t\t\t<p><span style=\"font-weight: 400;\">Sagatavojam dokumentus pre\u010du importam, kuru apriti regul\u0113 Z\u0101\u013cu valsts a\u0123ent\u016bra (ZVA) un P\u0101rtikas un veterin\u0101rais dienests (PVD).<\/span><\/p>\t\t\t\t\t\t\t\t<\/div>\n\t\t\t\t<\/div>\n\t\t<div class=\"elementor-element elementor-element-f1c89b3 e-con-full e-flex e-con e-child\" data-id=\"f1c89b3\" data-element_type=\"container\" data-settings=\"{&quot;background_background&quot;:&quot;classic&quot;}\">\n\t\t\t\t<div class=\"elementor-element elementor-element-4f253f2 elementor-position-inline-start elementor-view-default elementor-mobile-position-block-start elementor-widget elementor-widget-icon-box\" data-id=\"4f253f2\" data-element_type=\"widget\" data-widget_type=\"icon-box.default\">\n\t\t\t\t\t\t\t<div class=\"elementor-icon-box-wrapper\">\n\n\t\t\t\t\t\t<div class=\"elementor-icon-box-icon\">\n\t\t\t\t<span  class=\"elementor-icon\">\n\t\t\t\t<svg xmlns=\"http:\/\/www.w3.org\/2000\/svg\" width=\"52\" height=\"52\" viewBox=\"0 0 52 52\" fill=\"none\"><path d=\"M0 8C0 3.58172 3.58172 0 8 0H44C48.4183 0 52 3.58172 52 8V44C52 48.4183 48.4183 52 44 52H8C3.58172 52 0 48.4183 0 44V8Z\" fill=\"#3D52F4\"><\/path><path d=\"M25.304 35.36C24.424 35.36 23.604 35.18 22.844 34.82C22.084 34.452 21.428 33.948 20.876 33.308C20.332 32.668 19.94 31.924 19.7 31.076L22.484 30.332C22.596 30.796 22.8 31.196 23.096 31.532C23.4 31.868 23.752 32.128 24.152 32.312C24.56 32.496 24.98 32.588 25.412 32.588C25.972 32.588 26.484 32.452 26.948 32.18C27.412 31.908 27.78 31.544 28.052 31.088C28.324 30.624 28.46 30.112 28.46 29.552C28.46 28.992 28.32 28.484 28.04 28.028C27.768 27.564 27.4 27.2 26.936 26.936C26.472 26.664 25.964 26.528 25.412 26.528C24.748 26.528 24.196 26.648 23.756 26.888C23.324 27.128 22.992 27.384 22.76 27.656L20.288 26.864L20.816 17.72H30.2V20.432H22.364L23.444 19.412L23.06 25.772L22.532 25.124C22.98 24.716 23.5 24.412 24.092 24.212C24.684 24.012 25.256 23.912 25.808 23.912C26.888 23.912 27.844 24.16 28.676 24.656C29.516 25.144 30.172 25.812 30.644 26.66C31.124 27.508 31.364 28.472 31.364 29.552C31.364 30.632 31.084 31.612 30.524 32.492C29.964 33.364 29.224 34.06 28.304 34.58C27.392 35.1 26.392 35.36 25.304 35.36Z\" fill=\"white\"><\/path><\/svg>\t\t\t\t<\/span>\n\t\t\t<\/div>\n\t\t\t\n\t\t\t\t\t\t<div class=\"elementor-icon-box-content\">\n\n\t\t\t\t\t\t\t\t\t<div class=\"elementor-icon-box-title\">\n\t\t\t\t\t\t<span  >\n\t\t\t\t\t\t\tTSCA veidlapa\t\t\t\t\t\t<\/span>\n\t\t\t\t\t<\/div>\n\t\t\t\t\n\t\t\t\t\n\t\t\t<\/div>\n\t\t\t\n\t\t<\/div>\n\t\t\t\t\t\t<\/div>\n\t\t\t\t<div class=\"elementor-element elementor-element-c168bcf elementor-widget elementor-widget-text-editor\" data-id=\"c168bcf\" data-element_type=\"widget\" data-widget_type=\"text-editor.default\">\n\t\t\t\t\t\t\t\t\t<p><span style=\"font-weight: 400;\">Aizpild\u0101m veidlapu saska\u0146\u0101 ar ASV Toksisko vielu kontroles likumu (TSCA), lai apstiprin\u0101tu \u0137\u012bmisko materi\u0101lu atbilst\u012bbu Amerikas Savienoto Valstu normat\u012bvo aktu pras\u012bb\u0101m.<\/span><span style=\"font-weight: 400;\"><br \/><\/span><\/p>\t\t\t\t\t\t\t\t<\/div>\n\t\t\t\t<\/div>\n\t\t\t\t<\/div>\n\t\t\t\t\t<\/div>\n\t\t\t\t<\/div>\n\t\t\t\t<\/div>\n\t\t","protected":false},"excerpt":{"rendered":"<p>Dokumentu sagatavo\u0161ana Transporta dokumentu sagatavo\u0161ana (AWB\/CMR) INFIDEL noform\u0113 avi\u0101cijas un autotransporta pavadz\u012bmes atbilsto\u0161i starptautiskaj\u0101m pras\u012bb\u0101m. Dokumenti ietver inform\u0101ciju par nos\u016bt\u012bt\u0101ju, sa\u0146\u0113m\u0113ju, kravu un pieg\u0101des nosac\u012bjumiem. R\u0113\u0137ina (invoice) un iepakojuma saraksta sagatavo\u0161ana M\u0113s sagatavojam korektu r\u0113\u0137inu un detaliz\u0113tu iepakojuma sarakstu, kas nepiecie\u0161ami muitas proced\u016br\u0101m, k\u0101 ar\u012b s\u016bt\u012bjuma v\u0113rt\u012bbas un sast\u0101va apstiprin\u0101\u0161anai. B\u012bstamo kravu deklar\u0101cija (DG) Noform\u0113jam [&hellip;]<\/p>\n","protected":false},"author":2,"featured_media":0,"parent":0,"menu_order":0,"comment_status":"closed","ping_status":"closed","template":"","meta":{"inline_featured_image":false,"footnotes":""},"class_list":["post-698","page","type-page","status-publish","hentry"],"_links":{"self":[{"href":"https:\/\/infidelsia.com\/lv\/wp-json\/wp\/v2\/pages\/698","targetHints":{"allow":["GET"]}}],"collection":[{"href":"https:\/\/infidelsia.com\/lv\/wp-json\/wp\/v2\/pages"}],"about":[{"href":"https:\/\/infidelsia.com\/lv\/wp-json\/wp\/v2\/types\/page"}],"author":[{"embeddable":true,"href":"https:\/\/infidelsia.com\/lv\/wp-json\/wp\/v2\/users\/2"}],"replies":[{"embeddable":true,"href":"https:\/\/infidelsia.com\/lv\/wp-json\/wp\/v2\/comments?post=698"}],"version-history":[{"count":15,"href":"https:\/\/infidelsia.com\/lv\/wp-json\/wp\/v2\/pages\/698\/revisions"}],"predecessor-version":[{"id":1789,"href":"https:\/\/infidelsia.com\/lv\/wp-json\/wp\/v2\/pages\/698\/revisions\/1789"}],"wp:attachment":[{"href":"https:\/\/infidelsia.com\/lv\/wp-json\/wp\/v2\/media?parent=698"}],"curies":[{"name":"wp","href":"https:\/\/api.w.org\/{rel}","templated":true}]}}