{"id":760,"date":"2025-12-03T17:16:26","date_gmt":"2025-12-03T17:16:26","guid":{"rendered":"https:\/\/infidel.r-one.dev\/bistamas-preces\/"},"modified":"2026-03-19T12:22:35","modified_gmt":"2026-03-19T12:22:35","slug":"bistamas-preces","status":"publish","type":"page","link":"https:\/\/infidelsia.com\/lv\/bistamas-preces\/","title":{"rendered":"B\u012bstamo kravu p\u0101rvad\u0101\u0161ana"},"content":{"rendered":"\t\t<div data-elementor-type=\"wp-page\" data-elementor-id=\"760\" class=\"elementor elementor-760\" data-elementor-post-type=\"page\">\n\t\t\t\t<div class=\"elementor-element elementor-element-3bd9867 e-flex e-con-boxed e-con e-parent\" data-id=\"3bd9867\" data-element_type=\"container\">\n\t\t\t\t\t<div class=\"e-con-inner\">\n\t\t<div class=\"elementor-element elementor-element-b47dd7e e-con-full e-flex e-con e-child\" data-id=\"b47dd7e\" data-element_type=\"container\">\n\t\t\t\t<div class=\"elementor-element elementor-element-23fe515 elementor-widget elementor-widget-heading\" data-id=\"23fe515\" data-element_type=\"widget\" data-widget_type=\"heading.default\">\n\t\t\t\t\t<h2 class=\"elementor-heading-title elementor-size-default\">B\u012bstamo kravu p\u0101rvad\u0101\u0161ana<\/h2>\t\t\t\t<\/div>\n\t\t\t\t<div class=\"elementor-element elementor-element-301aff4 elementor-widget elementor-widget-text-editor\" data-id=\"301aff4\" data-element_type=\"widget\" data-widget_type=\"text-editor.default\">\n\t\t\t\t\t\t\t\t\t<p>B\u012bstam\u0101s kravas ir vielas un materi\u0101li, kuru p\u0101rvad\u0101\u0161anai nepiecie\u0161ama stingra dro\u0161\u012bbas pras\u012bbu iev\u0113ro\u0161ana. Pie t\u0101m pieder \u0137\u012bmisk\u0101s, uzliesmojo\u0161\u0101s, toksisk\u0101s, spr\u0101dzienb\u012bstam\u0101s un radiolo\u0123isk\u0101s vielas.<br \/>INFIDEL nodro\u0161ina pilnu pakalpojumu kl\u0101stu visu kategoriju b\u012bstamo kravu noform\u0113\u0161anai un p\u0101rvad\u0101\u0161anai.<\/p>\t\t\t\t\t\t\t\t<\/div>\n\t\t\t\t<\/div>\n\t\t<div class=\"elementor-element elementor-element-a984f77 e-con-full e-flex e-con e-child\" data-id=\"a984f77\" data-element_type=\"container\">\n\t\t\t\t<div class=\"elementor-element elementor-element-02f74f3 elementor-widget elementor-widget-image\" data-id=\"02f74f3\" data-element_type=\"widget\" data-widget_type=\"image.default\">\n\t\t\t\t\t\t\t\t\t\t\t\t\t\t\t<img decoding=\"async\" src=\"https:\/\/infidelsia.com\/wp-content\/uploads\/2025\/12\/image-3.webp\" title=\"\" alt=\"\" loading=\"lazy\" \/>\t\t\t\t\t\t\t\t\t\t\t\t\t\t\t<\/div>\n\t\t\t\t<\/div>\n\t\t\t\t\t<\/div>\n\t\t\t\t<\/div>\n\t\t<div class=\"elementor-element elementor-element-0aa4c2f e-flex e-con-boxed e-con e-parent\" data-id=\"0aa4c2f\" data-element_type=\"container\">\n\t\t\t\t\t<div class=\"e-con-inner\">\n\t\t\t\t<div class=\"elementor-element elementor-element-b75e1d9 elementor-widget elementor-widget-heading\" data-id=\"b75e1d9\" data-element_type=\"widget\" data-widget_type=\"heading.default\">\n\t\t\t\t\t<h2 class=\"elementor-heading-title elementor-size-default\">Kategorijas, ar kur\u0101m m\u0113s str\u0101d\u0101jam<\/h2>\t\t\t\t<\/div>\n\t\t<div class=\"elementor-element elementor-element-727fe89 e-grid e-con-full e-con e-child\" data-id=\"727fe89\" data-element_type=\"container\">\n\t\t<div class=\"elementor-element elementor-element-02f2cdf e-con-full e-flex e-con e-child\" data-id=\"02f2cdf\" data-element_type=\"container\" data-settings=\"{&quot;background_background&quot;:&quot;classic&quot;}\">\n\t\t\t\t<div class=\"elementor-element elementor-element-085b9ee elementor-widget elementor-widget-heading\" data-id=\"085b9ee\" data-element_type=\"widget\" data-widget_type=\"heading.default\">\n\t\t\t\t\t<h2 class=\"elementor-heading-title elementor-size-default\"><b>DG (Dangerous Goods)<\/b> - b\u012bstam\u0101s kravas saska\u0146\u0101 ar standarta klasifik\u0101ciju<\/h2>\t\t\t\t<\/div>\n\t\t\t\t<\/div>\n\t\t<div class=\"elementor-element elementor-element-bacea5a e-con-full e-flex e-con e-child\" data-id=\"bacea5a\" data-element_type=\"container\" data-settings=\"{&quot;background_background&quot;:&quot;classic&quot;}\">\n\t\t\t\t<div class=\"elementor-element elementor-element-2937851 elementor-widget elementor-widget-heading\" data-id=\"2937851\" data-element_type=\"widget\" data-widget_type=\"heading.default\">\n\t\t\t\t\t<h2 class=\"elementor-heading-title elementor-size-default\"><b>LQ (Limited Quantities)<\/b> - \u012bpa\u0161s p\u0101rvad\u0101jumu re\u017e\u012bms neliel\u0101m b\u012bstamo kravu partij\u0101m<\/h2>\t\t\t\t<\/div>\n\t\t\t\t<\/div>\n\t\t<div class=\"elementor-element elementor-element-8db41b0 e-con-full e-flex e-con e-child\" data-id=\"8db41b0\" data-element_type=\"container\" data-settings=\"{&quot;background_background&quot;:&quot;classic&quot;}\">\n\t\t\t\t<div class=\"elementor-element elementor-element-49df7fc elementor-widget elementor-widget-heading\" data-id=\"49df7fc\" data-element_type=\"widget\" data-widget_type=\"heading.default\">\n\t\t\t\t\t<h2 class=\"elementor-heading-title elementor-size-default\"><b>EQ (Iz\u0146\u0113muma daudzumi)<\/b> - atvieglots p\u0101rvad\u0101jumu re\u017e\u012bms \u012bpa\u0161i nelieliem, dro\u0161iem b\u012bstamo kravu daudzumiem<\/h2>\t\t\t\t<\/div>\n\t\t\t\t<\/div>\n\t\t<div class=\"elementor-element elementor-element-e28faaf e-con-full e-flex e-con e-child\" data-id=\"e28faaf\" data-element_type=\"container\" data-settings=\"{&quot;background_background&quot;:&quot;classic&quot;}\">\n\t\t\t\t<div class=\"elementor-element elementor-element-3376880 elementor-widget elementor-widget-heading\" data-id=\"3376880\" data-element_type=\"widget\" data-widget_type=\"heading.default\">\n\t\t\t\t\t<h2 class=\"elementor-heading-title elementor-size-default\"><b>DM (Diagnostikas materi\u0101li)<\/b> - organiskie un diagnostiskie materi\u0101li<\/h2>\t\t\t\t<\/div>\n\t\t\t\t<\/div>\n\t\t\t\t<\/div>\n\t\t\t\t\t<\/div>\n\t\t\t\t<\/div>\n\t\t<div class=\"elementor-element elementor-element-16feafc e-flex e-con-boxed e-con e-parent\" data-id=\"16feafc\" data-element_type=\"container\">\n\t\t\t\t\t<div class=\"e-con-inner\">\n\t\t\t\t<div class=\"elementor-element elementor-element-187cdb9 elementor-widget elementor-widget-heading\" data-id=\"187cdb9\" data-element_type=\"widget\" data-widget_type=\"heading.default\">\n\t\t\t\t\t<h2 class=\"elementor-heading-title elementor-size-default\">M\u016bsu priek\u0161roc\u012bbas<\/h2>\t\t\t\t<\/div>\n\t\t<div class=\"elementor-element elementor-element-ae392d4 e-grid e-con-full e-con e-child\" data-id=\"ae392d4\" data-element_type=\"container\">\n\t\t<div class=\"elementor-element elementor-element-823c046 e-con-full e-flex e-con e-child\" data-id=\"823c046\" data-element_type=\"container\" data-settings=\"{&quot;background_background&quot;:&quot;classic&quot;}\">\n\t\t\t\t<div class=\"elementor-element elementor-element-6b32ca8 elementor-view-default elementor-position-block-start elementor-mobile-position-block-start elementor-widget elementor-widget-icon-box\" data-id=\"6b32ca8\" data-element_type=\"widget\" data-widget_type=\"icon-box.default\">\n\t\t\t\t\t\t\t<div class=\"elementor-icon-box-wrapper\">\n\n\t\t\t\t\t\t<div class=\"elementor-icon-box-icon\">\n\t\t\t\t<span  class=\"elementor-icon\">\n\t\t\t\t<svg xmlns=\"http:\/\/www.w3.org\/2000\/svg\" width=\"52\" height=\"52\" viewBox=\"0 0 52 52\" fill=\"none\"><path d=\"M0 8C0 3.58172 3.58172 0 8 0H44C48.4183 0 52 3.58172 52 8V44C52 48.4183 48.4183 52 44 52H8C3.58172 52 0 48.4183 0 44V8Z\" fill=\"#3D52F4\"><\/path><path d=\"M32 39.5V36.5C32 34.9087 31.3679 33.3826 30.2426 32.2574C29.1174 31.1321 27.5913 30.5 26 30.5H17C15.4087 30.5 13.8826 31.1321 12.7574 32.2574C11.6321 33.3826 11 34.9087 11 36.5V39.5\" stroke=\"white\" stroke-width=\"2.2\" stroke-linecap=\"round\" stroke-linejoin=\"round\"><\/path><path d=\"M32 12.6921C33.2866 13.0257 34.4261 13.777 35.2395 14.8282C36.0529 15.8794 36.4943 17.171 36.4943 18.5001C36.4943 19.8293 36.0529 21.1208 35.2395 22.172C34.4261 23.2232 33.2866 23.9746 32 24.3081\" stroke=\"white\" stroke-width=\"1.7\" stroke-linecap=\"round\" stroke-linejoin=\"round\"><\/path><path d=\"M41 39.5001V36.5001C40.999 35.1707 40.5565 33.8792 39.742 32.8285C38.9276 31.7779 37.7872 31.0274 36.5 30.6951\" stroke=\"white\" stroke-width=\"1.7\" stroke-linecap=\"round\" stroke-linejoin=\"round\"><\/path><path d=\"M21.5 24.5C24.8137 24.5 27.5 21.8137 27.5 18.5C27.5 15.1863 24.8137 12.5 21.5 12.5C18.1863 12.5 15.5 15.1863 15.5 18.5C15.5 21.8137 18.1863 24.5 21.5 24.5Z\" stroke=\"white\" stroke-width=\"1.7\" stroke-linecap=\"round\" stroke-linejoin=\"round\"><\/path><\/svg>\t\t\t\t<\/span>\n\t\t\t<\/div>\n\t\t\t\n\t\t\t\t\t\t<div class=\"elementor-icon-box-content\">\n\n\t\t\t\t\n\t\t\t\t\t\t\t\t\t<p class=\"elementor-icon-box-description\">\n\t\t\t\t\t\tKomanda ar sertific\u0113tiem speci\u0101listiem, kuru kvalifik\u0101cija atbilst IATA standartiem.\t\t\t\t\t<\/p>\n\t\t\t\t\n\t\t\t<\/div>\n\t\t\t\n\t\t<\/div>\n\t\t\t\t\t\t<\/div>\n\t\t\t\t<\/div>\n\t\t<div class=\"elementor-element elementor-element-8d08268 e-con-full e-flex e-con e-child\" data-id=\"8d08268\" data-element_type=\"container\" data-settings=\"{&quot;background_background&quot;:&quot;classic&quot;}\">\n\t\t\t\t<div class=\"elementor-element elementor-element-5446c01 elementor-view-default elementor-position-block-start elementor-mobile-position-block-start elementor-widget elementor-widget-icon-box\" data-id=\"5446c01\" data-element_type=\"widget\" data-widget_type=\"icon-box.default\">\n\t\t\t\t\t\t\t<div class=\"elementor-icon-box-wrapper\">\n\n\t\t\t\t\t\t<div class=\"elementor-icon-box-icon\">\n\t\t\t\t<span  class=\"elementor-icon\">\n\t\t\t\t<svg xmlns=\"http:\/\/www.w3.org\/2000\/svg\" width=\"52\" height=\"52\" viewBox=\"0 0 52 52\" fill=\"none\"><path d=\"M0 8C0 3.58172 3.58172 0 8 0H44C48.4183 0 52 3.58172 52 8V44C52 48.4183 48.4183 52 44 52H8C3.58172 52 0 48.4183 0 44V8Z\" fill=\"#3D52F4\"><\/path><path d=\"M38 27.4999C38 34.9999 32.75 38.7499 26.51 40.9249C26.1832 41.0357 25.8283 41.0304 25.505 40.9099C19.25 38.7499 14 34.9999 14 27.4999V16.9999C14 16.6021 14.158 16.2206 14.4393 15.9393C14.7206 15.658 15.1022 15.4999 15.5 15.4999C18.5 15.4999 22.25 13.6999 24.86 11.4199C25.1778 11.1484 25.582 10.9993 26 10.9993C26.418 10.9993 26.8222 11.1484 27.14 11.4199C29.765 13.7149 33.5 15.4999 36.5 15.4999C36.8978 15.4999 37.2794 15.658 37.5607 15.9393C37.842 16.2206 38 16.6021 38 16.9999V27.4999Z\" stroke=\"white\" stroke-width=\"2.2\" stroke-linecap=\"round\" stroke-linejoin=\"round\"><\/path><path d=\"M21.5 26L24.5 29L30.5 23\" stroke=\"white\" stroke-width=\"1.7\" stroke-linecap=\"round\" stroke-linejoin=\"round\"><\/path><\/svg>\t\t\t\t<\/span>\n\t\t\t<\/div>\n\t\t\t\n\t\t\t\t\t\t<div class=\"elementor-icon-box-content\">\n\n\t\t\t\t\n\t\t\t\t\t\t\t\t\t<p class=\"elementor-icon-box-description\">\n\t\t\t\t\t\tPiln\u012bga starptautisko un nacion\u0101lo dro\u0161as p\u0101rvad\u0101\u0161anas pras\u012bbu iev\u0113ro\u0161ana\t\t\t\t\t<\/p>\n\t\t\t\t\n\t\t\t<\/div>\n\t\t\t\n\t\t<\/div>\n\t\t\t\t\t\t<\/div>\n\t\t\t\t<\/div>\n\t\t<div class=\"elementor-element elementor-element-f338409 e-con-full e-flex e-con e-child\" data-id=\"f338409\" data-element_type=\"container\" data-settings=\"{&quot;background_background&quot;:&quot;classic&quot;}\">\n\t\t\t\t<div class=\"elementor-element elementor-element-ae8f7d6 elementor-view-default elementor-position-block-start elementor-mobile-position-block-start elementor-widget elementor-widget-icon-box\" data-id=\"ae8f7d6\" data-element_type=\"widget\" data-widget_type=\"icon-box.default\">\n\t\t\t\t\t\t\t<div class=\"elementor-icon-box-wrapper\">\n\n\t\t\t\t\t\t<div class=\"elementor-icon-box-icon\">\n\t\t\t\t<span  class=\"elementor-icon\">\n\t\t\t\t<svg xmlns=\"http:\/\/www.w3.org\/2000\/svg\" width=\"52\" height=\"52\" viewBox=\"0 0 52 52\" fill=\"none\"><path d=\"M0 8C0 3.58172 3.58172 0 8 0H44C48.4183 0 52 3.58172 52 8V44C52 48.4183 48.4183 52 44 52H8C3.58172 52 0 48.4183 0 44V8Z\" fill=\"#3D52F4\"><\/path><path d=\"M24.5 39.5C24.5 39.8978 24.342 40.2794 24.0607 40.5607C23.7794 40.842 23.3978 41 23 41H14C13.6022 41 13.2206 40.842 12.9393 40.5607C12.658 40.2794 12.5 39.8978 12.5 39.5V27.5C12.5 27.1022 12.658 26.7206 12.9393 26.4393C13.2206 26.158 13.6022 26 14 26\" stroke=\"white\" stroke-width=\"2.2\" stroke-linecap=\"round\" stroke-linejoin=\"round\"><\/path><path d=\"M32 32C32 32.3978 31.842 32.7794 31.5607 33.0607C31.2794 33.342 30.8978 33.5 30.5 33.5H21.5C21.1022 33.5 20.7206 33.342 20.4393 33.0607C20.158 32.7794 20 32.3978 20 32V20C20 19.6022 20.158 19.2206 20.4393 18.9393C20.7206 18.658 21.1022 18.5 21.5 18.5\" stroke=\"white\" stroke-width=\"1.7\" stroke-linecap=\"round\" stroke-linejoin=\"round\"><\/path><path d=\"M39.5 17C39.4998 16.2044 39.1836 15.4415 38.621 14.879L35.621 11.879C35.0585 11.3164 34.2956 11.0002 33.5 11H29C28.6022 11 28.2206 11.158 27.9393 11.4393C27.658 11.7206 27.5 12.1022 27.5 12.5V24.5C27.5 24.8978 27.658 25.2794 27.9393 25.5607C28.2206 25.842 28.6022 26 29 26H38C38.3978 26 38.7794 25.842 39.0607 25.5607C39.342 25.2794 39.5 24.8978 39.5 24.5V17Z\" stroke=\"white\" stroke-width=\"1.7\" stroke-linecap=\"round\" stroke-linejoin=\"round\"><\/path><\/svg>\t\t\t\t<\/span>\n\t\t\t<\/div>\n\t\t\t\n\t\t\t\t\t\t<div class=\"elementor-icon-box-content\">\n\n\t\t\t\t\n\t\t\t\t\t\t\t\t\t<p class=\"elementor-icon-box-description\">\n\t\t\t\t\t\tKorekta visu pavaddokumentu un sertifik\u0101tu sagatavo\u0161ana\t\t\t\t\t<\/p>\n\t\t\t\t\n\t\t\t<\/div>\n\t\t\t\n\t\t<\/div>\n\t\t\t\t\t\t<\/div>\n\t\t\t\t<\/div>\n\t\t\t\t<\/div>\n\t\t<div class=\"elementor-element elementor-element-ed42a13 e-grid e-con-full e-con e-child\" data-id=\"ed42a13\" data-element_type=\"container\">\n\t\t<div class=\"elementor-element elementor-element-51eb6d8 e-con-full e-flex e-con e-child\" data-id=\"51eb6d8\" data-element_type=\"container\" data-settings=\"{&quot;background_background&quot;:&quot;classic&quot;}\">\n\t\t\t\t<div class=\"elementor-element elementor-element-8bd8e3e elementor-view-default elementor-position-block-start elementor-mobile-position-block-start elementor-widget elementor-widget-icon-box\" data-id=\"8bd8e3e\" data-element_type=\"widget\" data-widget_type=\"icon-box.default\">\n\t\t\t\t\t\t\t<div class=\"elementor-icon-box-wrapper\">\n\n\t\t\t\t\t\t<div class=\"elementor-icon-box-icon\">\n\t\t\t\t<span  class=\"elementor-icon\">\n\t\t\t\t<svg xmlns=\"http:\/\/www.w3.org\/2000\/svg\" width=\"52\" height=\"52\" viewBox=\"0 0 52 52\" fill=\"none\"><path d=\"M0 8C0 3.58172 3.58172 0 8 0H44C48.4183 0 52 3.58172 52 8V44C52 48.4183 48.4183 52 44 52H8C3.58172 52 0 48.4183 0 44V8Z\" fill=\"#3D52F4\"><\/path><path d=\"M26 12.5V21.5\" stroke=\"white\" stroke-width=\"2.2\" stroke-linecap=\"round\" stroke-linejoin=\"round\"><\/path><path d=\"M33.14 12.5001C33.6991 12.4962 34.2482 12.6486 34.7252 12.9402C35.2023 13.2317 35.5884 13.6508 35.84 14.1501L39.185 20.8686C39.3919 21.2837 39.4997 21.7412 39.5 22.2051V36.5001C39.5 37.2957 39.1839 38.0588 38.6213 38.6214C38.0587 39.184 37.2956 39.5001 36.5 39.5001H15.5C14.7044 39.5001 13.9413 39.184 13.3787 38.6214C12.8161 38.0588 12.5 37.2957 12.5 36.5001V22.2081C12.5 21.7426 12.6084 21.2835 12.8165 20.8671L16.175 14.1501C16.4254 13.6531 16.8092 13.2355 17.2834 12.9441C17.7576 12.6527 18.3034 12.499 18.86 12.5001H33.14Z\" stroke=\"white\" stroke-width=\"1.7\" stroke-linecap=\"round\" stroke-linejoin=\"round\"><\/path><path d=\"M12.582 21.5195H39.4215\" stroke=\"white\" stroke-width=\"1.7\" stroke-linecap=\"round\" stroke-linejoin=\"round\"><\/path><\/svg>\t\t\t\t<\/span>\n\t\t\t<\/div>\n\t\t\t\n\t\t\t\t\t\t<div class=\"elementor-icon-box-content\">\n\n\t\t\t\t\n\t\t\t\t\t\t\t\t\t<p class=\"elementor-icon-box-description\">\n\t\t\t\t\t\tKravu mar\u0137\u0113\u0161ana un iepako\u0161ana atbilsto\u0161i normat\u012bvajiem aktiem\t\t\t\t\t<\/p>\n\t\t\t\t\n\t\t\t<\/div>\n\t\t\t\n\t\t<\/div>\n\t\t\t\t\t\t<\/div>\n\t\t\t\t<\/div>\n\t\t<div class=\"elementor-element elementor-element-d3adb21 e-con-full e-flex e-con e-child\" data-id=\"d3adb21\" data-element_type=\"container\" data-settings=\"{&quot;background_background&quot;:&quot;classic&quot;}\">\n\t\t\t\t<div class=\"elementor-element elementor-element-3a0996c elementor-view-default elementor-position-block-start elementor-mobile-position-block-start elementor-widget elementor-widget-icon-box\" data-id=\"3a0996c\" data-element_type=\"widget\" data-widget_type=\"icon-box.default\">\n\t\t\t\t\t\t\t<div class=\"elementor-icon-box-wrapper\">\n\n\t\t\t\t\t\t<div class=\"elementor-icon-box-icon\">\n\t\t\t\t<span  class=\"elementor-icon\">\n\t\t\t\t<svg xmlns=\"http:\/\/www.w3.org\/2000\/svg\" width=\"52\" height=\"52\" viewBox=\"0 0 52 52\" fill=\"none\"><path d=\"M0 8C0 3.58172 3.58172 0 8 0H44C48.4183 0 52 3.58172 52 8V44C52 48.4183 48.4183 52 44 52H8C3.58172 52 0 48.4183 0 44V8Z\" fill=\"#3D52F4\"><\/path><path d=\"M17 12.5V30.5\" stroke=\"white\" stroke-width=\"2.2\" stroke-linecap=\"round\" stroke-linejoin=\"round\"><\/path><path d=\"M35 21.5C37.4853 21.5 39.5 19.4853 39.5 17C39.5 14.5147 37.4853 12.5 35 12.5C32.5147 12.5 30.5 14.5147 30.5 17C30.5 19.4853 32.5147 21.5 35 21.5Z\" stroke=\"white\" stroke-width=\"1.7\" stroke-linecap=\"round\" stroke-linejoin=\"round\"><\/path><path d=\"M17 39.5C19.4853 39.5 21.5 37.4853 21.5 35C21.5 32.5147 19.4853 30.5 17 30.5C14.5147 30.5 12.5 32.5147 12.5 35C12.5 37.4853 14.5147 39.5 17 39.5Z\" stroke=\"white\" stroke-width=\"1.7\" stroke-linecap=\"round\" stroke-linejoin=\"round\"><\/path><path d=\"M35 21.5C35 25.0804 33.5777 28.5142 31.0459 31.0459C28.5142 33.5777 25.0804 35 21.5 35\" stroke=\"white\" stroke-width=\"1.7\" stroke-linecap=\"round\" stroke-linejoin=\"round\"><\/path><\/svg>\t\t\t\t<\/span>\n\t\t\t<\/div>\n\t\t\t\n\t\t\t\t\t\t<div class=\"elementor-icon-box-content\">\n\n\t\t\t\t\n\t\t\t\t\t\t\t\t\t<p class=\"elementor-icon-box-description\">\n\t\t\t\t\t\tSadarb\u012bba ar muitas un transporta iest\u0101d\u0113m \u0101tr\u0101kai un dro\u0161\u0101kai pieg\u0101dei\n\t\t\t\t\t<\/p>\n\t\t\t\t\n\t\t\t<\/div>\n\t\t\t\n\t\t<\/div>\n\t\t\t\t\t\t<\/div>\n\t\t\t\t<\/div>\n\t\t\t\t<\/div>\n\t\t\t\t\t<\/div>\n\t\t\t\t<\/div>\n\t\t<div class=\"elementor-element elementor-element-569d537 e-flex e-con-boxed e-con e-parent\" data-id=\"569d537\" data-element_type=\"container\">\n\t\t\t\t\t<div class=\"e-con-inner\">\n\t\t\t\t<div class=\"elementor-element elementor-element-5ec4e5b elementor-widget elementor-widget-heading\" data-id=\"5ec4e5b\" data-element_type=\"widget\" data-widget_type=\"heading.default\">\n\t\t\t\t\t<h2 class=\"elementor-heading-title elementor-size-default\">K\u0101p\u0113c ir svar\u012bgi pareizi noform\u0113t b\u012bstam\u0101s kravas?<\/h2>\t\t\t\t<\/div>\n\t\t<div class=\"elementor-element elementor-element-81d4a4e e-grid e-con-full e-con e-child\" data-id=\"81d4a4e\" data-element_type=\"container\">\n\t\t<div class=\"elementor-element elementor-element-bbcc09b e-con-full e-flex e-con e-child\" data-id=\"bbcc09b\" data-element_type=\"container\" data-settings=\"{&quot;background_background&quot;:&quot;classic&quot;}\">\n\t\t\t\t<div class=\"elementor-element elementor-element-b48680b elementor-widget elementor-widget-heading\" data-id=\"b48680b\" data-element_type=\"widget\" data-widget_type=\"heading.default\">\n\t\t\t\t\t<h2 class=\"elementor-heading-title elementor-size-default\">Pareiza b\u012bstamo kravu noform\u0113\u0161ana un p\u0101rvad\u0101\u0161ana ir nepiecie\u0161ama, lai:\n<\/h2>\t\t\t\t<\/div>\n\t\t\t\t<div class=\"elementor-element elementor-element-845c959 elementor-widget elementor-widget-text-editor\" data-id=\"845c959\" data-element_type=\"widget\" data-widget_type=\"text-editor.default\">\n\t\t\t\t\t\t\t\t\t<ul role=\"list\"><li><span style=\"font-weight: 400;\">Iev\u0113rotu Latvijas un ES normat\u012bvo pras\u012bbu<\/span><\/li><li><span style=\"font-weight: 400;\">Samazin\u0101tu negad\u012bjumu un av\u0101riju riskus<\/span><\/li><li><span style=\"font-weight: 400;\">Nov\u0113rstu soda naudas un s\u016bt\u012bjumu kav\u0113\u0161anos<\/span><\/li><li><span style=\"font-weight: 400;\">Nodro\u0161in\u0101tu darbinieku un vides dro\u0161\u012bbu<\/span><\/li><\/ul>\t\t\t\t\t\t\t\t<\/div>\n\t\t\t\t<div class=\"elementor-element elementor-element-3b6931a elementor-widget elementor-widget-text-editor\" data-id=\"3b6931a\" data-element_type=\"widget\" data-widget_type=\"text-editor.default\">\n\t\t\t\t\t\t\t\t\t<p><span style=\"font-weight: 400;\">INFIDEL b\u012bstamo kravu noform\u0113\u0161anu veic tikai sertific\u0113ti speci\u0101listi ar ADR, IMDG un IATA kvalifik\u0101ciju. Vi\u0146iem ir padzi\u013cin\u0101ta izpratne par starptautiskaj\u0101m norm\u0101m un viet\u0113jo likumdo\u0161anu, kas nodro\u0161ina prec\u012bzu un dro\u0161u j\u016bsu kravas noform\u0113\u0161anu un pavad\u012b\u0161anu visos posmos.<\/span><\/p>\t\t\t\t\t\t\t\t<\/div>\n\t\t\t\t<\/div>\n\t\t<div class=\"elementor-element elementor-element-2b12c06 e-con-full e-flex e-con e-child\" data-id=\"2b12c06\" data-element_type=\"container\" data-settings=\"{&quot;background_background&quot;:&quot;classic&quot;}\">\n\t\t\t\t<\/div>\n\t\t\t\t<\/div>\n\t\t\t\t\t<\/div>\n\t\t\t\t<\/div>\n\t\t\t\t<\/div>\n\t\t","protected":false},"excerpt":{"rendered":"<p>B\u012bstamo kravu p\u0101rvad\u0101\u0161ana B\u012bstam\u0101s kravas ir vielas un materi\u0101li, kuru p\u0101rvad\u0101\u0161anai nepiecie\u0161ama stingra dro\u0161\u012bbas pras\u012bbu iev\u0113ro\u0161ana. Pie t\u0101m pieder \u0137\u012bmisk\u0101s, uzliesmojo\u0161\u0101s, toksisk\u0101s, spr\u0101dzienb\u012bstam\u0101s un radiolo\u0123isk\u0101s vielas.INFIDEL nodro\u0161ina pilnu pakalpojumu kl\u0101stu visu kategoriju b\u012bstamo kravu noform\u0113\u0161anai un p\u0101rvad\u0101\u0161anai. Kategorijas, ar kur\u0101m m\u0113s str\u0101d\u0101jam DG (Dangerous Goods) &#8211; b\u012bstam\u0101s kravas saska\u0146\u0101 ar standarta klasifik\u0101ciju LQ (Limited Quantities) [&hellip;]<\/p>\n","protected":false},"author":2,"featured_media":0,"parent":0,"menu_order":0,"comment_status":"closed","ping_status":"closed","template":"","meta":{"inline_featured_image":false,"footnotes":""},"class_list":["post-760","page","type-page","status-publish","hentry"],"_links":{"self":[{"href":"https:\/\/infidelsia.com\/lv\/wp-json\/wp\/v2\/pages\/760","targetHints":{"allow":["GET"]}}],"collection":[{"href":"https:\/\/infidelsia.com\/lv\/wp-json\/wp\/v2\/pages"}],"about":[{"href":"https:\/\/infidelsia.com\/lv\/wp-json\/wp\/v2\/types\/page"}],"author":[{"embeddable":true,"href":"https:\/\/infidelsia.com\/lv\/wp-json\/wp\/v2\/users\/2"}],"replies":[{"embeddable":true,"href":"https:\/\/infidelsia.com\/lv\/wp-json\/wp\/v2\/comments?post=760"}],"version-history":[{"count":28,"href":"https:\/\/infidelsia.com\/lv\/wp-json\/wp\/v2\/pages\/760\/revisions"}],"predecessor-version":[{"id":1759,"href":"https:\/\/infidelsia.com\/lv\/wp-json\/wp\/v2\/pages\/760\/revisions\/1759"}],"wp:attachment":[{"href":"https:\/\/infidelsia.com\/lv\/wp-json\/wp\/v2\/media?parent=760"}],"curies":[{"name":"wp","href":"https:\/\/api.w.org\/{rel}","templated":true}]}}