{"id":770,"date":"2025-12-03T17:16:42","date_gmt":"2025-12-03T17:16:42","guid":{"rendered":"https:\/\/infidel.r-one.dev\/starpniecibas-pakalpojumi\/"},"modified":"2026-03-19T12:23:22","modified_gmt":"2026-03-19T12:23:22","slug":"starpniecibas-pakalpojumi","status":"publish","type":"page","link":"https:\/\/infidelsia.com\/lv\/starpniecibas-pakalpojumi\/","title":{"rendered":"Starpniec\u012bbas pakalpojumi"},"content":{"rendered":"\t\t<div data-elementor-type=\"wp-page\" data-elementor-id=\"770\" class=\"elementor elementor-770\" data-elementor-post-type=\"page\">\n\t\t\t\t<div class=\"elementor-element elementor-element-fe8cdc9 e-flex e-con-boxed e-con e-parent\" data-id=\"fe8cdc9\" data-element_type=\"container\">\n\t\t\t\t\t<div class=\"e-con-inner\">\n\t\t<div class=\"elementor-element elementor-element-9503ef0 e-con-full e-flex e-con e-child\" data-id=\"9503ef0\" data-element_type=\"container\">\n\t\t\t\t<div class=\"elementor-element elementor-element-cd4a1f4 elementor-widget elementor-widget-heading\" data-id=\"cd4a1f4\" data-element_type=\"widget\" data-widget_type=\"heading.default\">\n\t\t\t\t\t<h2 class=\"elementor-heading-title elementor-size-default\">Muitas starpniec\u012bbas pakalpojumi<\/h2>\t\t\t\t<\/div>\n\t\t\t\t<div class=\"elementor-element elementor-element-7169465 elementor-widget elementor-widget-text-editor\" data-id=\"7169465\" data-element_type=\"widget\" data-widget_type=\"text-editor.default\">\n\t\t\t\t\t\t\t\t\t<p><span style=\"font-weight: 400;\">INFIDEL nodro\u0161ina pilnv\u0113rt\u012bgu muitas atbalstu importa, eksporta un tranz\u012bta kravu apstr\u0101dei caur Latvijas un Eiropas Savien\u012bbas teritoriju.<\/span><\/p><p><span style=\"font-weight: 400;\">M\u0113s uz\u0146emamies visu noform\u0113\u0161anas procesu, garant\u0113jot precizit\u0101ti, operativit\u0101ti un piln\u012bgu atbilst\u012bbu normat\u012bvajiem aktiem.<\/span><\/p>\t\t\t\t\t\t\t\t<\/div>\n\t\t\t\t<\/div>\n\t\t<div class=\"elementor-element elementor-element-8d93286 e-con-full e-flex e-con e-child\" data-id=\"8d93286\" data-element_type=\"container\">\n\t\t\t\t<div class=\"elementor-element elementor-element-1d23dbc elementor-widget elementor-widget-image\" data-id=\"1d23dbc\" data-element_type=\"widget\" data-widget_type=\"image.default\">\n\t\t\t\t\t\t\t\t\t\t\t\t\t\t\t<img decoding=\"async\" src=\"https:\/\/infidelsia.com\/wp-content\/uploads\/2025\/12\/image-4.jpg\" title=\"\" alt=\"\" loading=\"lazy\" \/>\t\t\t\t\t\t\t\t\t\t\t\t\t\t\t<\/div>\n\t\t\t\t<\/div>\n\t\t\t\t\t<\/div>\n\t\t\t\t<\/div>\n\t\t<div class=\"elementor-element elementor-element-4dd6c02 e-flex e-con-boxed e-con e-parent\" data-id=\"4dd6c02\" data-element_type=\"container\">\n\t\t\t\t\t<div class=\"e-con-inner\">\n\t\t\t\t<div class=\"elementor-element elementor-element-879d7b1 elementor-widget elementor-widget-heading\" data-id=\"879d7b1\" data-element_type=\"widget\" data-widget_type=\"heading.default\">\n\t\t\t\t\t<h2 class=\"elementor-heading-title elementor-size-default\">Priek\u0161roc\u012bbas darb\u0101 ar INFIDEL<\/h2>\t\t\t\t<\/div>\n\t\t<div class=\"elementor-element elementor-element-1f0035a e-grid e-con-full e-con e-child\" data-id=\"1f0035a\" data-element_type=\"container\">\n\t\t<div class=\"elementor-element elementor-element-aa5b746 e-con-full e-flex e-con e-child\" data-id=\"aa5b746\" data-element_type=\"container\" data-settings=\"{&quot;background_background&quot;:&quot;classic&quot;}\">\n\t\t\t\t<div class=\"elementor-element elementor-element-d6eafac elementor-view-default elementor-position-block-start elementor-mobile-position-block-start elementor-widget elementor-widget-icon-box\" data-id=\"d6eafac\" data-element_type=\"widget\" data-widget_type=\"icon-box.default\">\n\t\t\t\t\t\t\t<div class=\"elementor-icon-box-wrapper\">\n\n\t\t\t\t\t\t<div class=\"elementor-icon-box-icon\">\n\t\t\t\t<span  class=\"elementor-icon\">\n\t\t\t\t<svg xmlns=\"http:\/\/www.w3.org\/2000\/svg\" width=\"52\" height=\"52\" viewBox=\"0 0 52 52\" fill=\"none\"><path d=\"M0 8C0 3.58172 3.58172 0 8 0H44C48.4183 0 52 3.58172 52 8V44C52 48.4183 48.4183 52 44 52H8C3.58172 52 0 48.4183 0 44V8Z\" fill=\"#3D52F4\"><\/path><path d=\"M32 38V14C32 13.2044 31.6839 12.4413 31.1213 11.8787C30.5587 11.3161 29.7956 11 29 11H23C22.2044 11 21.4413 11.3161 20.8787 11.8787C20.3161 12.4413 20 13.2044 20 14V38\" stroke=\"white\" stroke-width=\"2.2\" stroke-linecap=\"round\" stroke-linejoin=\"round\"><\/path><path d=\"M38 17H14C12.3431 17 11 18.3431 11 20V35C11 36.6569 12.3431 38 14 38H38C39.6569 38 41 36.6569 41 35V20C41 18.3431 39.6569 17 38 17Z\" stroke=\"white\" stroke-width=\"1.7\" stroke-linecap=\"round\" stroke-linejoin=\"round\"><\/path><\/svg>\t\t\t\t<\/span>\n\t\t\t<\/div>\n\t\t\t\n\t\t\t\t\t\t<div class=\"elementor-icon-box-content\">\n\n\t\t\t\t\t\t\t\t\t<div class=\"elementor-icon-box-title\">\n\t\t\t\t\t\t<span  >\n\t\t\t\t\t\t\tSavs sertific\u0113ts muitas brokeris\t\t\t\t\t\t<\/span>\n\t\t\t\t\t<\/div>\n\t\t\t\t\n\t\t\t\t\t\t\t\t\t<p class=\"elementor-icon-box-description\">\n\t\t\t\t\t\tM\u016bsu speci\u0101listiem ir aktu\u0101la kvalifik\u0101cija un pla\u0161a pieredze darb\u0101 ar da\u017e\u0101da veida krav\u0101m \u2014 no standarta l\u012bdz krav\u0101m, kur\u0101m nepiecie\u0161amas \u012bpa\u0161as at\u013caujas\t\t\t\t\t<\/p>\n\t\t\t\t\n\t\t\t<\/div>\n\t\t\t\n\t\t<\/div>\n\t\t\t\t\t\t<\/div>\n\t\t\t\t<\/div>\n\t\t<div class=\"elementor-element elementor-element-194877a e-con-full e-flex e-con e-child\" data-id=\"194877a\" data-element_type=\"container\" data-settings=\"{&quot;background_background&quot;:&quot;classic&quot;}\">\n\t\t\t\t<div class=\"elementor-element elementor-element-7bfec16 elementor-view-default elementor-position-block-start elementor-mobile-position-block-start elementor-widget elementor-widget-icon-box\" data-id=\"7bfec16\" data-element_type=\"widget\" data-widget_type=\"icon-box.default\">\n\t\t\t\t\t\t\t<div class=\"elementor-icon-box-wrapper\">\n\n\t\t\t\t\t\t<div class=\"elementor-icon-box-icon\">\n\t\t\t\t<span  class=\"elementor-icon\">\n\t\t\t\t<svg xmlns=\"http:\/\/www.w3.org\/2000\/svg\" width=\"52\" height=\"52\" viewBox=\"0 0 52 52\" fill=\"none\"><path d=\"M0 8C0 3.58172 3.58172 0 8 0H44C48.4183 0 52 3.58172 52 8V44C52 48.4183 48.4183 52 44 52H8C3.58172 52 0 48.4183 0 44V8Z\" fill=\"#3D52F4\"><\/path><path d=\"M14 29C13.7161 29.001 13.4378 28.9214 13.1974 28.7705C12.957 28.6196 12.7643 28.4035 12.6418 28.1475C12.5193 27.8914 12.4719 27.6059 12.5052 27.324C12.5385 27.0421 12.6512 26.7754 12.83 26.555L27.68 11.255C27.7914 11.1264 27.9432 11.0395 28.1105 11.0086C28.2777 10.9777 28.4506 11.0045 28.6006 11.0848C28.7506 11.165 28.8689 11.2938 28.936 11.4502C29.0031 11.6065 29.0151 11.781 28.97 11.945L26.09 20.975C26.0051 21.2023 25.9765 21.4468 26.0069 21.6875C26.0372 21.9282 26.1255 22.158 26.2641 22.3571C26.4028 22.5563 26.5876 22.7188 26.8029 22.8307C27.0182 22.9427 27.2574 23.0008 27.5 23H38C38.2838 22.999 38.5621 23.0786 38.8026 23.2295C39.043 23.3804 39.2356 23.5965 39.3582 23.8525C39.4807 24.1086 39.528 24.3941 39.4947 24.676C39.4614 24.9579 39.3488 25.2246 39.17 25.445L24.32 40.745C24.2086 40.8736 24.0568 40.9605 23.8895 40.9914C23.7222 41.0223 23.5494 40.9955 23.3994 40.9152C23.2494 40.835 23.1311 40.7062 23.064 40.5498C22.9969 40.3935 22.9849 40.219 23.03 40.055L25.91 31.025C25.9949 30.7977 26.0234 30.5532 25.9931 30.3125C25.9628 30.0718 25.8745 29.842 25.7359 29.6429C25.5972 29.4437 25.4123 29.2812 25.1971 29.1693C24.9818 29.0573 24.7426 28.9992 24.5 29H14Z\" stroke=\"white\" stroke-width=\"2.2\" stroke-linecap=\"round\" stroke-linejoin=\"round\"><\/path><\/svg>\t\t\t\t<\/span>\n\t\t\t<\/div>\n\t\t\t\n\t\t\t\t\t\t<div class=\"elementor-icon-box-content\">\n\n\t\t\t\t\t\t\t\t\t<div class=\"elementor-icon-box-title\">\n\t\t\t\t\t\t<span  >\n\t\t\t\t\t\t\tOperat\u012bvs risin\u0101jums pat vissare\u017e\u0123\u012bt\u0101kajiem uzdevumiem\t\t\t\t\t\t<\/span>\n\t\t\t\t\t<\/div>\n\t\t\t\t\n\t\t\t\t\t\t\t\t\t<p class=\"elementor-icon-box-description\">\n\t\t\t\t\t\tM\u0113s nodro\u0161in\u0101m dokumentu korektu noform\u0113\u0161anu, sadarbojamies ar kontrol\u0113jo\u0161aj\u0101m iest\u0101d\u0113m un minimiz\u0113jam apstr\u0101des termi\u0146us.\t\t\t\t\t<\/p>\n\t\t\t\t\n\t\t\t<\/div>\n\t\t\t\n\t\t<\/div>\n\t\t\t\t\t\t<\/div>\n\t\t\t\t<\/div>\n\t\t<div class=\"elementor-element elementor-element-3a78ac6 e-con-full e-flex e-con e-child\" data-id=\"3a78ac6\" data-element_type=\"container\" data-settings=\"{&quot;background_background&quot;:&quot;classic&quot;}\">\n\t\t\t\t<div class=\"elementor-element elementor-element-8f7f6f3 elementor-view-default elementor-position-block-start elementor-mobile-position-block-start elementor-widget elementor-widget-icon-box\" data-id=\"8f7f6f3\" data-element_type=\"widget\" data-widget_type=\"icon-box.default\">\n\t\t\t\t\t\t\t<div class=\"elementor-icon-box-wrapper\">\n\n\t\t\t\t\t\t<div class=\"elementor-icon-box-icon\">\n\t\t\t\t<span  class=\"elementor-icon\">\n\t\t\t\t<svg xmlns=\"http:\/\/www.w3.org\/2000\/svg\" width=\"52\" height=\"52\" viewBox=\"0 0 52 52\" fill=\"none\"><path d=\"M0 8C0 3.58172 3.58172 0 8 0H44C48.4183 0 52 3.58172 52 8V44C52 48.4183 48.4183 52 44 52H8C3.58172 52 0 48.4183 0 44V8Z\" fill=\"#3D52F4\"><\/path><path d=\"M17 41C16.2044 41 15.4413 40.6839 14.8787 40.1213C14.3161 39.5587 14 38.7957 14 38V14C14 13.2044 14.3161 12.4413 14.8787 11.8787C15.4413 11.3161 16.2044 11 17 11H29C29.4748 10.9992 29.9451 11.0924 30.3838 11.2742C30.8225 11.4559 31.2208 11.7226 31.556 12.059L36.938 17.441C37.2753 17.7763 37.5428 18.175 37.725 18.6142C37.9073 19.0535 38.0008 19.5245 38 20V38C38 38.7957 37.6839 39.5587 37.1213 40.1213C36.5587 40.6839 35.7956 41 35 41H17Z\" stroke=\"white\" stroke-width=\"2.2\" stroke-linecap=\"round\" stroke-linejoin=\"round\"><\/path><path d=\"M29 11V18.5C29 18.8978 29.158 19.2794 29.4393 19.5607C29.7206 19.842 30.1022 20 30.5 20H38\" stroke=\"white\" stroke-width=\"1.7\" stroke-linecap=\"round\" stroke-linejoin=\"round\"><\/path><path d=\"M21.5 30.5L24.5 33.5L30.5 27.5\" stroke=\"white\" stroke-width=\"1.7\" stroke-linecap=\"round\" stroke-linejoin=\"round\"><\/path><\/svg>\t\t\t\t<\/span>\n\t\t\t<\/div>\n\t\t\t\n\t\t\t\t\t\t<div class=\"elementor-icon-box-content\">\n\n\t\t\t\t\t\t\t\t\t<div class=\"elementor-icon-box-title\">\n\t\t\t\t\t\t<span  >\n\t\t\t\t\t\t\tES normu un nacion\u0101l\u0101s likumdo\u0161anas iev\u0113ro\u0161ana\t\t\t\t\t\t<\/span>\n\t\t\t\t\t<\/div>\n\t\t\t\t\n\t\t\t\t\t\t\t\t\t<p class=\"elementor-icon-box-description\">\n\t\t\t\t\t\tKatrs posms tiek veikts saska\u0146\u0101 ar sp\u0113k\u0101 eso\u0161ajiem noteikumiem, t\u0101d\u0113j\u0101di samazinot kav\u0113jumu, soda naudu un k\u013c\u016bdu risku.\n\t\t\t\t\t<\/p>\n\t\t\t\t\n\t\t\t<\/div>\n\t\t\t\n\t\t<\/div>\n\t\t\t\t\t\t<\/div>\n\t\t\t\t<\/div>\n\t\t\t\t<\/div>\n\t\t\t\t\t<\/div>\n\t\t\t\t<\/div>\n\t\t<div class=\"elementor-element elementor-element-4e213c8 e-flex e-con-boxed e-con e-parent\" data-id=\"4e213c8\" data-element_type=\"container\">\n\t\t\t\t\t<div class=\"e-con-inner\">\n\t\t\t\t<div class=\"elementor-element elementor-element-0af30e7 elementor-widget elementor-widget-heading\" data-id=\"0af30e7\" data-element_type=\"widget\" data-widget_type=\"heading.default\">\n\t\t\t\t\t<h2 class=\"elementor-heading-title elementor-size-default\">Pakalpojumu komplekt\u0101 ietilpst<\/h2>\t\t\t\t<\/div>\n\t\t<div class=\"elementor-element elementor-element-61e6f64 e-grid e-con-full e-con e-child\" data-id=\"61e6f64\" data-element_type=\"container\">\n\t\t<div class=\"elementor-element elementor-element-67008e1 e-con-full e-flex e-con e-child\" data-id=\"67008e1\" data-element_type=\"container\" data-settings=\"{&quot;background_background&quot;:&quot;classic&quot;}\">\n\t\t\t\t<div class=\"elementor-element elementor-element-db90c1b elementor-widget elementor-widget-heading\" data-id=\"db90c1b\" data-element_type=\"widget\" data-widget_type=\"heading.default\">\n\t\t\t\t\t<h2 class=\"elementor-heading-title elementor-size-default\">Muitas noform\u0113\u0161ana<\/h2>\t\t\t\t<\/div>\n\t\t\t\t<div class=\"elementor-element elementor-element-50bbc7d elementor-widget elementor-widget-text-editor\" data-id=\"50bbc7d\" data-element_type=\"widget\" data-widget_type=\"text-editor.default\">\n\t\t\t\t\t\t\t\t\t<ul role=\"list\"><li><span style=\"font-weight: 400;\">Deklar\u0101ciju re\u0123istr\u0101cija importam, eksportam un tranz\u012btam<\/span><\/li><li><span style=\"font-weight: 400;\">KN kodu korektuma p\u0101rbaude<\/span><\/li><li><span style=\"font-weight: 400;\">Muitas v\u0113rt\u012bbas un pre\u010du izcelsmes noteik\u0161ana<\/span><\/li><\/ul>\t\t\t\t\t\t\t\t<\/div>\n\t\t\t\t<\/div>\n\t\t<div class=\"elementor-element elementor-element-c8a1e2e e-con-full e-flex e-con e-child\" data-id=\"c8a1e2e\" data-element_type=\"container\" data-settings=\"{&quot;background_background&quot;:&quot;classic&quot;}\">\n\t\t\t\t<div class=\"elementor-element elementor-element-a9d49d2 elementor-widget elementor-widget-heading\" data-id=\"a9d49d2\" data-element_type=\"widget\" data-widget_type=\"heading.default\">\n\t\t\t\t\t<h2 class=\"elementor-heading-title elementor-size-default\">At\u013cauju un sertifik\u0101tu ieg\u016b\u0161ana<\/h2>\t\t\t\t<\/div>\n\t\t\t\t<div class=\"elementor-element elementor-element-98ba6bf elementor-widget elementor-widget-text-editor\" data-id=\"98ba6bf\" data-element_type=\"widget\" data-widget_type=\"text-editor.default\">\n\t\t\t\t\t\t\t\t\t<ul role=\"list\"><li><span style=\"font-weight: 400;\">Licences, at\u013caujas un atbilst\u012bbas sertifik\u0101ti<\/span><\/li><li><span style=\"font-weight: 400;\">Oblig\u0101t\u0101s pavaddokument\u0101cijas sagatavo\u0161ana un iesnieg\u0161ana<\/span><\/li><\/ul>\t\t\t\t\t\t\t\t<\/div>\n\t\t\t\t<\/div>\n\t\t<div class=\"elementor-element elementor-element-578cea4 e-con-full e-flex e-con e-child\" data-id=\"578cea4\" data-element_type=\"container\" data-settings=\"{&quot;background_background&quot;:&quot;classic&quot;}\">\n\t\t\t\t<div class=\"elementor-element elementor-element-249c833 elementor-widget elementor-widget-heading\" data-id=\"249c833\" data-element_type=\"widget\" data-widget_type=\"heading.default\">\n\t\t\t\t\t<h2 class=\"elementor-heading-title elementor-size-default\">Tranz\u012bta kravu kontrole<\/h2>\t\t\t\t<\/div>\n\t\t\t\t<div class=\"elementor-element elementor-element-ad9c71b elementor-widget elementor-widget-text-editor\" data-id=\"ad9c71b\" data-element_type=\"widget\" data-widget_type=\"text-editor.default\">\n\t\t\t\t\t\t\t\t\t<ul role=\"list\"><li><span style=\"font-weight: 400;\">Dokumentu noform\u0113\u0161anas kontrole<\/span><\/li><li>Muitas proced\u016bru posmu uzraudz\u012bba<\/li><\/ul>\t\t\t\t\t\t\t\t<\/div>\n\t\t\t\t<\/div>\n\t\t<div class=\"elementor-element elementor-element-9719232 e-con-full e-flex e-con e-child\" data-id=\"9719232\" data-element_type=\"container\" data-settings=\"{&quot;background_background&quot;:&quot;classic&quot;}\">\n\t\t\t\t<div class=\"elementor-element elementor-element-619c32b elementor-widget elementor-widget-heading\" data-id=\"619c32b\" data-element_type=\"widget\" data-widget_type=\"heading.default\">\n\t\t\t\t\t<h2 class=\"elementor-heading-title elementor-size-default\">Papildus pakalpojumi<\/h2>\t\t\t\t<\/div>\n\t\t\t\t<div class=\"elementor-element elementor-element-c431826 elementor-widget elementor-widget-text-editor\" data-id=\"c431826\" data-element_type=\"widget\" data-widget_type=\"text-editor.default\">\n\t\t\t\t\t\t\t\t\t<ul role=\"list\"><li><span style=\"font-weight: 400;\">Sadarb\u012bba ar pagaidu uzglab\u0101\u0161anas noliktav\u0101m<\/span><\/li><li><span style=\"font-weight: 400;\">Darbs ar elektronisko deklar\u0101ciju sist\u0113mu (EDS)<\/span><\/li><li>Iesp\u0113ja iesniegt dokumentus att\u0101lin\u0101ti<\/li><\/ul>\t\t\t\t\t\t\t\t<\/div>\n\t\t\t\t<\/div>\n\t\t\t\t<\/div>\n\t\t\t\t\t<\/div>\n\t\t\t\t<\/div>\n\t\t<div class=\"elementor-element elementor-element-ee46a65 e-flex e-con-boxed e-con e-parent\" data-id=\"ee46a65\" data-element_type=\"container\">\n\t\t\t\t\t<div class=\"e-con-inner\">\n\t\t\t\t<div class=\"elementor-element elementor-element-57044b7 elementor-widget elementor-widget-heading\" data-id=\"57044b7\" data-element_type=\"widget\" data-widget_type=\"heading.default\">\n\t\t\t\t\t<h2 class=\"elementor-heading-title elementor-size-default\">Kam paredz\u0113ts pakalpojums<\/h2>\t\t\t\t<\/div>\n\t\t<div class=\"elementor-element elementor-element-973ec05 e-grid e-con-full e-con e-child\" data-id=\"973ec05\" data-element_type=\"container\">\n\t\t<div class=\"elementor-element elementor-element-cb8a441 e-con-full e-flex e-con e-child\" data-id=\"cb8a441\" data-element_type=\"container\" data-settings=\"{&quot;background_background&quot;:&quot;classic&quot;}\">\n\t\t\t\t<div class=\"elementor-element elementor-element-b090f2e elementor-widget elementor-widget-text-editor\" data-id=\"b090f2e\" data-element_type=\"widget\" data-widget_type=\"text-editor.default\">\n\t\t\t\t\t\t\t\t\t<ul role=\"list\"><li><span style=\"font-weight: 400;\">Juridiskaj\u0101m person\u0101m<\/span><\/li><\/ul>\t\t\t\t\t\t\t\t<\/div>\n\t\t\t\t<\/div>\n\t\t<div class=\"elementor-element elementor-element-1774895 e-con-full e-flex e-con e-child\" data-id=\"1774895\" data-element_type=\"container\" data-settings=\"{&quot;background_background&quot;:&quot;classic&quot;}\">\n\t\t\t\t<div class=\"elementor-element elementor-element-5052dfc elementor-widget elementor-widget-text-editor\" data-id=\"5052dfc\" data-element_type=\"widget\" data-widget_type=\"text-editor.default\">\n\t\t\t\t\t\t\t\t\t<ul role=\"list\"><li><span style=\"font-weight: 400;\">Individu\u0101lajiem komersantiem<\/span><span style=\"font-weight: 400;\"><br \/><\/span><\/li><\/ul>\t\t\t\t\t\t\t\t<\/div>\n\t\t\t\t<\/div>\n\t\t\t\t<\/div>\n\t\t\t\t<div class=\"elementor-element elementor-element-986d160 elementor-widget elementor-widget-image\" data-id=\"986d160\" data-element_type=\"widget\" data-widget_type=\"image.default\">\n\t\t\t\t\t\t\t\t\t\t\t\t\t\t\t<img decoding=\"async\" src=\"https:\/\/infidelsia.com\/wp-content\/uploads\/2025\/12\/image-6.webp\" title=\"\" alt=\"\" loading=\"lazy\" \/>\t\t\t\t\t\t\t\t\t\t\t\t\t\t\t<\/div>\n\t\t\t\t\t<\/div>\n\t\t\t\t<\/div>\n\t\t\t\t<\/div>\n\t\t","protected":false},"excerpt":{"rendered":"<p>Muitas starpniec\u012bbas pakalpojumi INFIDEL nodro\u0161ina pilnv\u0113rt\u012bgu muitas atbalstu importa, eksporta un tranz\u012bta kravu apstr\u0101dei caur Latvijas un Eiropas Savien\u012bbas teritoriju. M\u0113s uz\u0146emamies visu noform\u0113\u0161anas procesu, garant\u0113jot precizit\u0101ti, operativit\u0101ti un piln\u012bgu atbilst\u012bbu normat\u012bvajiem aktiem. Priek\u0161roc\u012bbas darb\u0101 ar INFIDEL Savs sertific\u0113ts muitas brokeris M\u016bsu speci\u0101listiem ir aktu\u0101la kvalifik\u0101cija un pla\u0161a pieredze darb\u0101 ar da\u017e\u0101da veida krav\u0101m \u2014 [&hellip;]<\/p>\n","protected":false},"author":2,"featured_media":0,"parent":0,"menu_order":0,"comment_status":"closed","ping_status":"closed","template":"","meta":{"inline_featured_image":false,"footnotes":""},"class_list":["post-770","page","type-page","status-publish","hentry"],"_links":{"self":[{"href":"https:\/\/infidelsia.com\/lv\/wp-json\/wp\/v2\/pages\/770","targetHints":{"allow":["GET"]}}],"collection":[{"href":"https:\/\/infidelsia.com\/lv\/wp-json\/wp\/v2\/pages"}],"about":[{"href":"https:\/\/infidelsia.com\/lv\/wp-json\/wp\/v2\/types\/page"}],"author":[{"embeddable":true,"href":"https:\/\/infidelsia.com\/lv\/wp-json\/wp\/v2\/users\/2"}],"replies":[{"embeddable":true,"href":"https:\/\/infidelsia.com\/lv\/wp-json\/wp\/v2\/comments?post=770"}],"version-history":[{"count":19,"href":"https:\/\/infidelsia.com\/lv\/wp-json\/wp\/v2\/pages\/770\/revisions"}],"predecessor-version":[{"id":1762,"href":"https:\/\/infidelsia.com\/lv\/wp-json\/wp\/v2\/pages\/770\/revisions\/1762"}],"wp:attachment":[{"href":"https:\/\/infidelsia.com\/lv\/wp-json\/wp\/v2\/media?parent=770"}],"curies":[{"name":"wp","href":"https:\/\/api.w.org\/{rel}","templated":true}]}}