{"id":782,"date":"2025-12-03T17:17:01","date_gmt":"2025-12-03T17:17:01","guid":{"rendered":"https:\/\/infidel.r-one.dev\/biezak-uzdotie-jautajumi\/"},"modified":"2026-03-19T12:27:36","modified_gmt":"2026-03-19T12:27:36","slug":"biezak-uzdotie-jautajumi","status":"publish","type":"page","link":"https:\/\/infidelsia.com\/lv\/biezak-uzdotie-jautajumi\/","title":{"rendered":"Bie\u017e\u0101k uzdotie jaut\u0101jumi"},"content":{"rendered":"\t\t<div data-elementor-type=\"wp-page\" data-elementor-id=\"782\" class=\"elementor elementor-782\" data-elementor-post-type=\"page\">\n\t\t\t\t<div class=\"elementor-element elementor-element-3063a7a e-flex e-con-boxed e-con e-parent\" data-id=\"3063a7a\" data-element_type=\"container\">\n\t\t\t\t\t<div class=\"e-con-inner\">\n\t\t\t\t<div class=\"elementor-element elementor-element-5893345 elementor-widget elementor-widget-heading\" data-id=\"5893345\" data-element_type=\"widget\" data-widget_type=\"heading.default\">\n\t\t\t\t\t<h2 class=\"elementor-heading-title elementor-size-default\">Bie\u017e\u0101k uzdotie jaut\u0101jumi<\/h2>\t\t\t\t<\/div>\n\t\t\t\t<div class=\"elementor-element elementor-element-cf30f83 elementor-widget elementor-widget-n-accordion\" data-id=\"cf30f83\" data-element_type=\"widget\" data-settings=\"{&quot;default_state&quot;:&quot;expanded&quot;,&quot;max_items_expended&quot;:&quot;one&quot;,&quot;n_accordion_animation_duration&quot;:{&quot;unit&quot;:&quot;ms&quot;,&quot;size&quot;:400,&quot;sizes&quot;:[]}}\" data-widget_type=\"nested-accordion.default\">\n\t\t\t\t\t\t\t<div class=\"e-n-accordion\" aria-label=\"Accordion. Open links with Enter or Space, close with Escape, and navigate with Arrow Keys\">\n\t\t\t\t\t\t<details id=\"e-n-accordion-item-2170\" class=\"e-n-accordion-item\" open>\n\t\t\t\t<summary class=\"e-n-accordion-item-title\" data-accordion-index=\"1\" tabindex=\"0\" aria-expanded=\"true\" aria-controls=\"e-n-accordion-item-2170\" >\n\t\t\t\t\t<span class='e-n-accordion-item-title-header'><div class=\"e-n-accordion-item-title-text\"> K\u0101di dokumenti nepiecie\u0161ami kravas nos\u016bt\u012b\u0161anai? <\/div><\/span>\n\t\t\t\t\t\t\t<span class='e-n-accordion-item-title-icon'>\n\t\t\t<span class='e-opened' ><svg xmlns=\"http:\/\/www.w3.org\/2000\/svg\" width=\"14\" height=\"8\" viewBox=\"0 0 14 8\" fill=\"none\"><path d=\"M0.75 6.54297L6.04289 1.25008C6.37623 0.916742 6.54289 0.750076 6.75 0.750076C6.95711 0.750076 7.12377 0.916742 7.45711 1.25008L12.75 6.54297\" stroke=\"#181818\" stroke-width=\"1.5\" stroke-linecap=\"round\" stroke-linejoin=\"round\"><\/path><\/svg><\/span>\n\t\t\t<span class='e-closed'><svg xmlns=\"http:\/\/www.w3.org\/2000\/svg\" width=\"14\" height=\"8\" viewBox=\"0 0 14 8\" fill=\"none\"><path d=\"M0.75 0.75L6.04289 6.04289C6.37623 6.37623 6.54289 6.54289 6.75 6.54289C6.95711 6.54289 7.12377 6.37623 7.45711 6.04289L12.75 0.75\" stroke=\"#181818\" stroke-width=\"1.5\" stroke-linecap=\"round\" stroke-linejoin=\"round\"><\/path><\/svg><\/span>\n\t\t<\/span>\n\n\t\t\t\t\t\t<\/summary>\n\t\t\t\t<div role=\"region\" aria-labelledby=\"e-n-accordion-item-2170\" class=\"elementor-element elementor-element-1d38876 e-con-full e-flex e-con e-child\" data-id=\"1d38876\" data-element_type=\"container\">\n\t\t\t\t<div class=\"elementor-element elementor-element-50ed8b8 elementor-widget elementor-widget-text-editor\" data-id=\"50ed8b8\" data-element_type=\"widget\" data-widget_type=\"text-editor.default\">\n\t\t\t\t\t\t\t\t\t<p><span style=\"font-weight: 400;\">Kravas nos\u016bt\u012b\u0161anai parasti ir nepiecie\u0161ami:<\/span><\/p><ul><li style=\"font-weight: 400;\" aria-level=\"1\"><span style=\"font-weight: 400;\">Aviopavadz\u012bme (AWB) vai autotransporta pavadz\u012bme (CMR)<\/span><\/li><li style=\"font-weight: 400;\" aria-level=\"1\"><span style=\"font-weight: 400;\">R\u0113\u0137ins \/ komerci\u0101lais r\u0113\u0137ins<\/span><span style=\"font-weight: 400;\"><br \/><\/span><\/li><li style=\"font-weight: 400;\" aria-level=\"1\"><span style=\"font-weight: 400;\">Sertifik\u0101ti un at\u013caujas (ja preces pieder pie \u012bpa\u0161\u0101m kategorij\u0101m).<\/span><span style=\"font-weight: 400;\"><br \/><\/span><\/li><li style=\"font-weight: 400;\" aria-level=\"1\"><span style=\"font-weight: 400;\">Muitas deklar\u0101cija starptautiskajiem s\u016bt\u012bjumiem<\/span><\/li><li style=\"font-weight: 400;\" aria-level=\"1\"><span style=\"font-weight: 400;\">Dokumenti, kas apliecina kravas \u012bpa\u0161umties\u012bbas<\/span><span style=\"font-weight: 400;\"><br \/><br \/><\/span><\/li><\/ul><p><span style=\"font-weight: 400;\">Ja krava prasa \u012bpa\u0161us dokumentus (b\u012bstam\u0101s kravas, \u0137\u012bmisk\u0101s vielas, v\u0113rt\u012bgas preces), m\u016bsu speci\u0101listi sagatavos pilnu dokumentu paketi tie\u0161i j\u016bsu gad\u012bjumam.<\/span><\/p>\t\t\t\t\t\t\t\t<\/div>\n\t\t\t\t<\/div>\n\t\t\t\t\t<\/details>\n\t\t\t\t\t\t<details id=\"e-n-accordion-item-2171\" class=\"e-n-accordion-item\" >\n\t\t\t\t<summary class=\"e-n-accordion-item-title\" data-accordion-index=\"2\" tabindex=\"-1\" aria-expanded=\"false\" aria-controls=\"e-n-accordion-item-2171\" >\n\t\t\t\t\t<span class='e-n-accordion-item-title-header'><div class=\"e-n-accordion-item-title-text\"> K\u0101 apr\u0113\u0137in\u0101t p\u0101rvad\u0101juma cenu? <\/div><\/span>\n\t\t\t\t\t\t\t<span class='e-n-accordion-item-title-icon'>\n\t\t\t<span class='e-opened' ><svg xmlns=\"http:\/\/www.w3.org\/2000\/svg\" width=\"14\" height=\"8\" viewBox=\"0 0 14 8\" fill=\"none\"><path d=\"M0.75 6.54297L6.04289 1.25008C6.37623 0.916742 6.54289 0.750076 6.75 0.750076C6.95711 0.750076 7.12377 0.916742 7.45711 1.25008L12.75 6.54297\" stroke=\"#181818\" stroke-width=\"1.5\" stroke-linecap=\"round\" stroke-linejoin=\"round\"><\/path><\/svg><\/span>\n\t\t\t<span class='e-closed'><svg xmlns=\"http:\/\/www.w3.org\/2000\/svg\" width=\"14\" height=\"8\" viewBox=\"0 0 14 8\" fill=\"none\"><path d=\"M0.75 0.75L6.04289 6.04289C6.37623 6.37623 6.54289 6.54289 6.75 6.54289C6.95711 6.54289 7.12377 6.37623 7.45711 6.04289L12.75 0.75\" stroke=\"#181818\" stroke-width=\"1.5\" stroke-linecap=\"round\" stroke-linejoin=\"round\"><\/path><\/svg><\/span>\n\t\t<\/span>\n\n\t\t\t\t\t\t<\/summary>\n\t\t\t\t<div role=\"region\" aria-labelledby=\"e-n-accordion-item-2171\" class=\"elementor-element elementor-element-9eacc29 e-con-full e-flex e-con e-child\" data-id=\"9eacc29\" data-element_type=\"container\">\n\t\t\t\t<div class=\"elementor-element elementor-element-7dc6fe5 elementor-widget elementor-widget-text-editor\" data-id=\"7dc6fe5\" data-element_type=\"widget\" data-widget_type=\"text-editor.default\">\n\t\t\t\t\t\t\t\t\t<p><span style=\"font-weight: 400;\">Cena ir atkar\u012bga no vair\u0101kiem faktoriem:<\/span><\/p><ul><li style=\"font-weight: 400;\" aria-level=\"1\"><span style=\"font-weight: 400;\">Kravas veids un t\u0101s \u012bpa\u0161\u012bbas (svars, tilpums, izm\u0113ri).<\/span><span style=\"font-weight: 400;\"><br \/><\/span><\/li><li style=\"font-weight: 400;\" aria-level=\"1\"><span style=\"font-weight: 400;\">Mar\u0161ruts un att\u0101lums<\/span><span style=\"font-weight: 400;\"><br \/><\/span><\/li><li style=\"font-weight: 400;\" aria-level=\"1\"><span style=\"font-weight: 400;\">Transporta veids (avi\u0101cija, autotransports, dzelzce\u013c\u0161, j\u016bra)<\/span><\/li><li style=\"font-weight: 400;\" aria-level=\"1\"><span style=\"font-weight: 400;\">Pieg\u0101des steidzam\u012bba<\/span><span style=\"font-weight: 400;\"><br \/><\/span><\/li><li style=\"font-weight: 400;\" aria-level=\"1\"><span style=\"font-weight: 400;\">Papildu pakalpojumi (iepako\u0161ana, apdro\u0161in\u0101\u0161ana, dokumentu noform\u0113\u0161ana)<\/span><span style=\"font-weight: 400;\"><br \/><br \/><\/span><\/li><\/ul><p><span style=\"font-weight: 400;\">Prec\u012bzam apr\u0113\u0137inam nos\u016btiet mums kravas parametrus \u2014 m\u0113s sagatavosim individu\u0101lu pied\u0101v\u0101jumu.<\/span><\/p>\t\t\t\t\t\t\t\t<\/div>\n\t\t\t\t<\/div>\n\t\t\t\t\t<\/details>\n\t\t\t\t\t\t<details id=\"e-n-accordion-item-2172\" class=\"e-n-accordion-item\" >\n\t\t\t\t<summary class=\"e-n-accordion-item-title\" data-accordion-index=\"3\" tabindex=\"-1\" aria-expanded=\"false\" aria-controls=\"e-n-accordion-item-2172\" >\n\t\t\t\t\t<span class='e-n-accordion-item-title-header'><div class=\"e-n-accordion-item-title-text\"> K\u0101ds ir pieg\u0101des laiks? <\/div><\/span>\n\t\t\t\t\t\t\t<span class='e-n-accordion-item-title-icon'>\n\t\t\t<span class='e-opened' ><svg xmlns=\"http:\/\/www.w3.org\/2000\/svg\" width=\"14\" height=\"8\" viewBox=\"0 0 14 8\" fill=\"none\"><path d=\"M0.75 6.54297L6.04289 1.25008C6.37623 0.916742 6.54289 0.750076 6.75 0.750076C6.95711 0.750076 7.12377 0.916742 7.45711 1.25008L12.75 6.54297\" stroke=\"#181818\" stroke-width=\"1.5\" stroke-linecap=\"round\" stroke-linejoin=\"round\"><\/path><\/svg><\/span>\n\t\t\t<span class='e-closed'><svg xmlns=\"http:\/\/www.w3.org\/2000\/svg\" width=\"14\" height=\"8\" viewBox=\"0 0 14 8\" fill=\"none\"><path d=\"M0.75 0.75L6.04289 6.04289C6.37623 6.37623 6.54289 6.54289 6.75 6.54289C6.95711 6.54289 7.12377 6.37623 7.45711 6.04289L12.75 0.75\" stroke=\"#181818\" stroke-width=\"1.5\" stroke-linecap=\"round\" stroke-linejoin=\"round\"><\/path><\/svg><\/span>\n\t\t<\/span>\n\n\t\t\t\t\t\t<\/summary>\n\t\t\t\t<div role=\"region\" aria-labelledby=\"e-n-accordion-item-2172\" class=\"elementor-element elementor-element-2781af4 e-con-full e-flex e-con e-child\" data-id=\"2781af4\" data-element_type=\"container\">\n\t\t\t\t<div class=\"elementor-element elementor-element-1059ca8 elementor-widget elementor-widget-text-editor\" data-id=\"1059ca8\" data-element_type=\"widget\" data-widget_type=\"text-editor.default\">\n\t\t\t\t\t\t\t\t\t<p><span style=\"font-weight: 400;\">Pieg\u0101des termi\u0146i ir atkar\u012bgi no mar\u0161ruta, transporta veida un izv\u0113l\u0113t\u0101 pieg\u0101des form\u0101ta (ekspress \/ standarta).<\/span><\/p><p><span style=\"font-weight: 400;\">M\u0113s <\/span>izv\u0113l\u0113simies <span style=\"font-weight: 400;\">optim\u0101lu risin\u0101jumu j\u016bsu uzdevumam, saglab\u0101jot l\u012bdzsvaru starp \u0101trumu un izmaks\u0101m.<\/span><\/p>\t\t\t\t\t\t\t\t<\/div>\n\t\t\t\t<\/div>\n\t\t\t\t\t<\/details>\n\t\t\t\t\t\t<details id=\"e-n-accordion-item-2173\" class=\"e-n-accordion-item\" >\n\t\t\t\t<summary class=\"e-n-accordion-item-title\" data-accordion-index=\"4\" tabindex=\"-1\" aria-expanded=\"false\" aria-controls=\"e-n-accordion-item-2173\" >\n\t\t\t\t\t<span class='e-n-accordion-item-title-header'><div class=\"e-n-accordion-item-title-text\"> K\u0101 pareizi iepakot preces? <\/div><\/span>\n\t\t\t\t\t\t\t<span class='e-n-accordion-item-title-icon'>\n\t\t\t<span class='e-opened' ><svg xmlns=\"http:\/\/www.w3.org\/2000\/svg\" width=\"14\" height=\"8\" viewBox=\"0 0 14 8\" fill=\"none\"><path d=\"M0.75 6.54297L6.04289 1.25008C6.37623 0.916742 6.54289 0.750076 6.75 0.750076C6.95711 0.750076 7.12377 0.916742 7.45711 1.25008L12.75 6.54297\" stroke=\"#181818\" stroke-width=\"1.5\" stroke-linecap=\"round\" stroke-linejoin=\"round\"><\/path><\/svg><\/span>\n\t\t\t<span class='e-closed'><svg xmlns=\"http:\/\/www.w3.org\/2000\/svg\" width=\"14\" height=\"8\" viewBox=\"0 0 14 8\" fill=\"none\"><path d=\"M0.75 0.75L6.04289 6.04289C6.37623 6.37623 6.54289 6.54289 6.75 6.54289C6.95711 6.54289 7.12377 6.37623 7.45711 6.04289L12.75 0.75\" stroke=\"#181818\" stroke-width=\"1.5\" stroke-linecap=\"round\" stroke-linejoin=\"round\"><\/path><\/svg><\/span>\n\t\t<\/span>\n\n\t\t\t\t\t\t<\/summary>\n\t\t\t\t<div role=\"region\" aria-labelledby=\"e-n-accordion-item-2173\" class=\"elementor-element elementor-element-a1716e8 e-con-full e-flex e-con e-child\" data-id=\"a1716e8\" data-element_type=\"container\">\n\t\t\t\t<div class=\"elementor-element elementor-element-597496e elementor-widget elementor-widget-text-editor\" data-id=\"597496e\" data-element_type=\"widget\" data-widget_type=\"text-editor.default\">\n\t\t\t\t\t\t\t\t\t<p><span style=\"font-weight: 400;\">M\u0113s iesak\u0101m:<\/span><\/p><ul><li style=\"font-weight: 400;\" aria-level=\"1\"><span style=\"font-weight: 400;\">Izmantot iztur\u012bgas kartona kastes vai koka kastes<\/span><\/li><li style=\"font-weight: 400;\" aria-level=\"1\"><span style=\"font-weight: 400;\">Dro\u0161i nostiprin\u0101t kravu iepakojuma iek\u0161pus\u0113<\/span><\/li><li style=\"font-weight: 400;\" aria-level=\"1\"><span style=\"font-weight: 400;\">Lietot mar\u0137\u0113jumu: \u201cTrausls\u201d, \u201cAug\u0161\u0101\u201d, \u201cAizsarg\u0101t no mitruma\u201d u.c.<br \/><br \/><\/span><\/li><\/ul><p><span style=\"font-weight: 400;\">Ja nepiecie\u0161ams, m\u016bsu darbinieki pal\u012bdz\u0113s izv\u0113l\u0113ties materi\u0101lus un sagatavot iepakojumu.<\/span><\/p>\t\t\t\t\t\t\t\t<\/div>\n\t\t\t\t<\/div>\n\t\t\t\t\t<\/details>\n\t\t\t\t\t\t<details id=\"e-n-accordion-item-2174\" class=\"e-n-accordion-item\" >\n\t\t\t\t<summary class=\"e-n-accordion-item-title\" data-accordion-index=\"5\" tabindex=\"-1\" aria-expanded=\"false\" aria-controls=\"e-n-accordion-item-2174\" >\n\t\t\t\t\t<span class='e-n-accordion-item-title-header'><div class=\"e-n-accordion-item-title-text\"> Ko dar\u012bt, ja krava ir boj\u0101ta vai pazudusi? <\/div><\/span>\n\t\t\t\t\t\t\t<span class='e-n-accordion-item-title-icon'>\n\t\t\t<span class='e-opened' ><svg xmlns=\"http:\/\/www.w3.org\/2000\/svg\" width=\"14\" height=\"8\" viewBox=\"0 0 14 8\" fill=\"none\"><path d=\"M0.75 6.54297L6.04289 1.25008C6.37623 0.916742 6.54289 0.750076 6.75 0.750076C6.95711 0.750076 7.12377 0.916742 7.45711 1.25008L12.75 6.54297\" stroke=\"#181818\" stroke-width=\"1.5\" stroke-linecap=\"round\" stroke-linejoin=\"round\"><\/path><\/svg><\/span>\n\t\t\t<span class='e-closed'><svg xmlns=\"http:\/\/www.w3.org\/2000\/svg\" width=\"14\" height=\"8\" viewBox=\"0 0 14 8\" fill=\"none\"><path d=\"M0.75 0.75L6.04289 6.04289C6.37623 6.37623 6.54289 6.54289 6.75 6.54289C6.95711 6.54289 7.12377 6.37623 7.45711 6.04289L12.75 0.75\" stroke=\"#181818\" stroke-width=\"1.5\" stroke-linecap=\"round\" stroke-linejoin=\"round\"><\/path><\/svg><\/span>\n\t\t<\/span>\n\n\t\t\t\t\t\t<\/summary>\n\t\t\t\t<div role=\"region\" aria-labelledby=\"e-n-accordion-item-2174\" class=\"elementor-element elementor-element-507e20f e-con-full e-flex e-con e-child\" data-id=\"507e20f\" data-element_type=\"container\">\n\t\t\t\t<div class=\"elementor-element elementor-element-866b7f8 elementor-widget elementor-widget-text-editor\" data-id=\"866b7f8\" data-element_type=\"widget\" data-widget_type=\"text-editor.default\">\n\t\t\t\t\t\t\t\t\t<p><span style=\"font-weight: 400;\">Ja radusies probl\u0113ma:<\/span><\/p><ol><li style=\"font-weight: 400;\" aria-level=\"1\"><span style=\"font-weight: 400;\">Nekav\u0113joties inform\u0113jiet savu mened\u017eeri<\/span><\/li><li style=\"font-weight: 400;\" aria-level=\"1\"><span style=\"font-weight: 400;\">Iesniedziet boj\u0101juma fotoatt\u0113lu un aprakstu<\/span><span style=\"font-weight: 400;\"><br \/><br \/><\/span><\/li><\/ol><p><span style=\"font-weight: 400;\">Katra situ\u0101cija tiek izskat\u012bta individu\u0101li, un m\u0113s pal\u012bdzam risin\u0101t jaut\u0101jumus apdro\u0161in\u0101\u0161anas ietvaros.<\/span><span style=\"font-weight: 400;\"><br \/><\/span><\/p>\t\t\t\t\t\t\t\t<\/div>\n\t\t\t\t<\/div>\n\t\t\t\t\t<\/details>\n\t\t\t\t\t\t<details id=\"e-n-accordion-item-2175\" class=\"e-n-accordion-item\" >\n\t\t\t\t<summary class=\"e-n-accordion-item-title\" data-accordion-index=\"6\" tabindex=\"-1\" aria-expanded=\"false\" aria-controls=\"e-n-accordion-item-2175\" >\n\t\t\t\t\t<span class='e-n-accordion-item-title-header'><div class=\"e-n-accordion-item-title-text\"> K\u0101das kravas ir aizliegts p\u0101rvad\u0101t? <\/div><\/span>\n\t\t\t\t\t\t\t<span class='e-n-accordion-item-title-icon'>\n\t\t\t<span class='e-opened' ><svg xmlns=\"http:\/\/www.w3.org\/2000\/svg\" width=\"14\" height=\"8\" viewBox=\"0 0 14 8\" fill=\"none\"><path d=\"M0.75 6.54297L6.04289 1.25008C6.37623 0.916742 6.54289 0.750076 6.75 0.750076C6.95711 0.750076 7.12377 0.916742 7.45711 1.25008L12.75 6.54297\" stroke=\"#181818\" stroke-width=\"1.5\" stroke-linecap=\"round\" stroke-linejoin=\"round\"><\/path><\/svg><\/span>\n\t\t\t<span class='e-closed'><svg xmlns=\"http:\/\/www.w3.org\/2000\/svg\" width=\"14\" height=\"8\" viewBox=\"0 0 14 8\" fill=\"none\"><path d=\"M0.75 0.75L6.04289 6.04289C6.37623 6.37623 6.54289 6.54289 6.75 6.54289C6.95711 6.54289 7.12377 6.37623 7.45711 6.04289L12.75 0.75\" stroke=\"#181818\" stroke-width=\"1.5\" stroke-linecap=\"round\" stroke-linejoin=\"round\"><\/path><\/svg><\/span>\n\t\t<\/span>\n\n\t\t\t\t\t\t<\/summary>\n\t\t\t\t<div role=\"region\" aria-labelledby=\"e-n-accordion-item-2175\" class=\"elementor-element elementor-element-e7473d5 e-con-full e-flex e-con e-child\" data-id=\"e7473d5\" data-element_type=\"container\">\n\t\t\t\t<div class=\"elementor-element elementor-element-44ca917 elementor-widget elementor-widget-text-editor\" data-id=\"44ca917\" data-element_type=\"widget\" data-widget_type=\"text-editor.default\">\n\t\t\t\t\t\t\t\t\t<p><span style=\"font-weight: 400;\">Aizliegts s\u016bt\u012bt:<\/span><\/p><ul><li style=\"font-weight: 400;\" aria-level=\"1\"><span style=\"font-weight: 400;\">Spr\u0101dzienb\u012bstamas vielas<\/span><\/li><li style=\"font-weight: 400;\" aria-level=\"1\"><span style=\"font-weight: 400;\">Iero\u010dus<\/span><\/li><li style=\"font-weight: 400;\" aria-level=\"1\"><span style=\"font-weight: 400;\">Narkotiskas vielas<\/span><\/li><li style=\"font-weight: 400;\" aria-level=\"1\"><span style=\"font-weight: 400;\">Dz\u012bvus dz\u012bvniekus bez at\u013cauj\u0101m<\/span><\/li><li style=\"font-weight: 400;\" aria-level=\"1\"><span style=\"font-weight: 400;\">Radioakt\u012bvus un \u013coti toksiskus materi\u0101lus<br \/><br \/><\/span><\/li><\/ul><p><span style=\"font-weight: 400;\">Ja rodas \u0161aubas, noteikti sazinieties ar mums \u2014 m\u0113s jums pal\u012bdz\u0113sim.<\/span><\/p>\t\t\t\t\t\t\t\t<\/div>\n\t\t\t\t<\/div>\n\t\t\t\t\t<\/details>\n\t\t\t\t\t<\/div>\n\t\t\t\t\t\t<\/div>\n\t\t\t\t\t<\/div>\n\t\t\t\t<\/div>\n\t\t\t\t<\/div>\n\t\t","protected":false},"excerpt":{"rendered":"<p>Bie\u017e\u0101k uzdotie jaut\u0101jumi K\u0101di dokumenti nepiecie\u0161ami kravas nos\u016bt\u012b\u0161anai? Kravas nos\u016bt\u012b\u0161anai parasti ir nepiecie\u0161ami: Aviopavadz\u012bme (AWB) vai autotransporta pavadz\u012bme (CMR) R\u0113\u0137ins \/ komerci\u0101lais r\u0113\u0137ins Sertifik\u0101ti un at\u013caujas (ja preces pieder pie \u012bpa\u0161\u0101m kategorij\u0101m). Muitas deklar\u0101cija starptautiskajiem s\u016bt\u012bjumiem Dokumenti, kas apliecina kravas \u012bpa\u0161umties\u012bbas Ja krava prasa \u012bpa\u0161us dokumentus (b\u012bstam\u0101s kravas, \u0137\u012bmisk\u0101s vielas, v\u0113rt\u012bgas preces), m\u016bsu speci\u0101listi sagatavos [&hellip;]<\/p>\n","protected":false},"author":2,"featured_media":0,"parent":0,"menu_order":0,"comment_status":"closed","ping_status":"closed","template":"","meta":{"inline_featured_image":false,"footnotes":""},"class_list":["post-782","page","type-page","status-publish","hentry"],"_links":{"self":[{"href":"https:\/\/infidelsia.com\/lv\/wp-json\/wp\/v2\/pages\/782","targetHints":{"allow":["GET"]}}],"collection":[{"href":"https:\/\/infidelsia.com\/lv\/wp-json\/wp\/v2\/pages"}],"about":[{"href":"https:\/\/infidelsia.com\/lv\/wp-json\/wp\/v2\/types\/page"}],"author":[{"embeddable":true,"href":"https:\/\/infidelsia.com\/lv\/wp-json\/wp\/v2\/users\/2"}],"replies":[{"embeddable":true,"href":"https:\/\/infidelsia.com\/lv\/wp-json\/wp\/v2\/comments?post=782"}],"version-history":[{"count":12,"href":"https:\/\/infidelsia.com\/lv\/wp-json\/wp\/v2\/pages\/782\/revisions"}],"predecessor-version":[{"id":1766,"href":"https:\/\/infidelsia.com\/lv\/wp-json\/wp\/v2\/pages\/782\/revisions\/1766"}],"wp:attachment":[{"href":"https:\/\/infidelsia.com\/lv\/wp-json\/wp\/v2\/media?parent=782"}],"curies":[{"name":"wp","href":"https:\/\/api.w.org\/{rel}","templated":true}]}}