{"id":791,"date":"2025-12-03T17:17:16","date_gmt":"2025-12-03T17:17:16","guid":{"rendered":"https:\/\/infidel.r-one.dev\/instrukcijas\/"},"modified":"2026-01-27T11:57:37","modified_gmt":"2026-01-27T11:57:37","slug":"instrukcijas","status":"publish","type":"page","link":"https:\/\/infidelsia.com\/lv\/instrukcijas\/","title":{"rendered":"Instrukcijas"},"content":{"rendered":"\t\t<div data-elementor-type=\"wp-page\" data-elementor-id=\"791\" class=\"elementor elementor-791\" data-elementor-post-type=\"page\">\n\t\t\t\t<div class=\"elementor-element elementor-element-273ad25 e-flex e-con-boxed e-con e-parent\" data-id=\"273ad25\" data-element_type=\"container\">\n\t\t\t\t\t<div class=\"e-con-inner\">\n\t\t\t\t<div class=\"elementor-element elementor-element-d17873a elementor-widget elementor-widget-heading\" data-id=\"d17873a\" data-element_type=\"widget\" data-widget_type=\"heading.default\">\n\t\t\t\t\t<h2 class=\"elementor-heading-title elementor-size-default\">Instrukcijas<\/h2>\t\t\t\t<\/div>\n\t\t\t\t<div class=\"elementor-element elementor-element-1422c99 elementor-widget elementor-widget-text-editor\" data-id=\"1422c99\" data-element_type=\"widget\" data-widget_type=\"text-editor.default\">\n\t\t\t\t\t\t\t\t\t<p>K\u0101 \u0101tri un vienk\u0101r\u0161i nos\u016bt\u012bt s\u016bt\u012bjumu<\/p>\t\t\t\t\t\t\t\t<\/div>\n\t\t<div class=\"elementor-element elementor-element-74b19f0 e-grid e-con-full e-con e-child\" data-id=\"74b19f0\" data-element_type=\"container\">\n\t\t<div class=\"elementor-element elementor-element-baa0b83 e-con-full e-flex e-con e-child\" data-id=\"baa0b83\" data-element_type=\"container\" data-settings=\"{&quot;background_background&quot;:&quot;classic&quot;}\">\n\t\t\t\t<div class=\"elementor-element elementor-element-2754d3d elementor-position-inline-start elementor-mobile-position-inline-start elementor-view-default elementor-widget elementor-widget-icon-box\" data-id=\"2754d3d\" data-element_type=\"widget\" data-widget_type=\"icon-box.default\">\n\t\t\t\t\t\t\t<div class=\"elementor-icon-box-wrapper\">\n\n\t\t\t\t\t\t<div class=\"elementor-icon-box-icon\">\n\t\t\t\t<span  class=\"elementor-icon\">\n\t\t\t\t<svg xmlns=\"http:\/\/www.w3.org\/2000\/svg\" width=\"52\" height=\"52\" viewBox=\"0 0 52 52\" fill=\"none\"><path d=\"M0 8C0 3.58172 3.58172 0 8 0H44C48.4183 0 52 3.58172 52 8V44C52 48.4183 48.4183 52 44 52H8C3.58172 52 0 48.4183 0 44V8Z\" fill=\"#3D52F4\"><\/path><path d=\"M25.18 35V20.876L21.94 22.856V19.664L25.18 17.72H28.132V35H25.18Z\" fill=\"white\"><\/path><\/svg>\t\t\t\t<\/span>\n\t\t\t<\/div>\n\t\t\t\n\t\t\t\t\t\t<div class=\"elementor-icon-box-content\">\n\n\t\t\t\t\t\t\t\t\t<div class=\"elementor-icon-box-title\">\n\t\t\t\t\t\t<span  >\n\t\t\t\t\t\t\tKravas sagatavo\u0161ana nos\u016bt\u012b\u0161anai\t\t\t\t\t\t<\/span>\n\t\t\t\t\t<\/div>\n\t\t\t\t\n\t\t\t\t\n\t\t\t<\/div>\n\t\t\t\n\t\t<\/div>\n\t\t\t\t\t\t<\/div>\n\t\t\t\t<div class=\"elementor-element elementor-element-0c5eed2 elementor-widget elementor-widget-text-editor\" data-id=\"0c5eed2\" data-element_type=\"widget\" data-widget_type=\"text-editor.default\">\n\t\t\t\t\t\t\t\t\t<p><span style=\"font-weight: 400;\">Iepakojiet kravu dro\u0161i, atbilsto\u0161i t\u0101s veidam:<\/span><\/p><ul role=\"list\"><li>Trauslas preces &#8211; burbu\u013cpl\u0113ve, biezas kartona kastes.<\/li><li><span style=\"font-weight: 400;\">Lielgabar\u012bta kravas \u2014 koka kastes, stingra nostiprin\u0101\u0161ana iek\u0161pus\u0113.<\/span><\/li><li>B\u012bstam\u0101s kravas &#8211; stingri saska\u0146\u0101 ar <span style=\"font-weight: 400;\">mar\u0137\u0113juma pras\u012bb\u0101m<\/span> un starptautiskajiem noteikumiem.<\/li><\/ul><p><span style=\"font-weight: 400;\">P\u0101rliecinieties, ka iepakojums aizsarg\u0101 preci no p\u0101rvieto\u0161anas un boj\u0101jumiem.<\/span><span style=\"font-weight: 400;\"><br \/><\/span><\/p>\t\t\t\t\t\t\t\t<\/div>\n\t\t\t\t<\/div>\n\t\t<div class=\"elementor-element elementor-element-40f9b0d e-con-full e-flex e-con e-child\" data-id=\"40f9b0d\" data-element_type=\"container\" data-settings=\"{&quot;background_background&quot;:&quot;classic&quot;}\">\n\t\t\t\t<div class=\"elementor-element elementor-element-b21bf3f elementor-position-inline-start elementor-mobile-position-inline-start elementor-view-default elementor-widget elementor-widget-icon-box\" data-id=\"b21bf3f\" data-element_type=\"widget\" data-widget_type=\"icon-box.default\">\n\t\t\t\t\t\t\t<div class=\"elementor-icon-box-wrapper\">\n\n\t\t\t\t\t\t<div class=\"elementor-icon-box-icon\">\n\t\t\t\t<span  class=\"elementor-icon\">\n\t\t\t\t<svg xmlns=\"http:\/\/www.w3.org\/2000\/svg\" width=\"52\" height=\"52\" viewBox=\"0 0 52 52\" fill=\"none\"><path d=\"M0 8C0 3.58172 3.58172 0 8 0H44C48.4183 0 52 3.58172 52 8V44C52 48.4183 48.4183 52 44 52H8C3.58172 52 0 48.4183 0 44V8Z\" fill=\"#3D52F4\"><\/path><path d=\"M19.7 34.976V32.456L27.092 25.868C27.668 25.356 28.068 24.872 28.292 24.416C28.516 23.96 28.628 23.52 28.628 23.096C28.628 22.52 28.504 22.008 28.256 21.56C28.008 21.104 27.664 20.744 27.224 20.48C26.792 20.216 26.292 20.084 25.724 20.084C25.124 20.084 24.592 20.224 24.128 20.504C23.672 20.776 23.316 21.14 23.06 21.596C22.804 22.052 22.684 22.544 22.7 23.072H19.724C19.724 21.92 19.98 20.916 20.492 20.06C21.012 19.204 21.724 18.54 22.628 18.068C23.54 17.596 24.592 17.36 25.784 17.36C26.888 17.36 27.88 17.608 28.76 18.104C29.64 18.592 30.332 19.272 30.836 20.144C31.34 21.008 31.592 22.004 31.592 23.132C31.592 23.956 31.48 24.648 31.256 25.208C31.032 25.768 30.696 26.284 30.248 26.756C29.808 27.228 29.26 27.752 28.604 28.328L23.36 32.972L23.096 32.252H31.592V34.976H19.7Z\" fill=\"white\"><\/path><\/svg>\t\t\t\t<\/span>\n\t\t\t<\/div>\n\t\t\t\n\t\t\t\t\t\t<div class=\"elementor-icon-box-content\">\n\n\t\t\t\t\t\t\t\t\t<div class=\"elementor-icon-box-title\">\n\t\t\t\t\t\t<span  >\n\t\t\t\t\t\t\tKravas nodo\u0161ana\t\t\t\t\t\t<\/span>\n\t\t\t\t\t<\/div>\n\t\t\t\t\n\t\t\t\t\n\t\t\t<\/div>\n\t\t\t\n\t\t<\/div>\n\t\t\t\t\t\t<\/div>\n\t\t\t\t<div class=\"elementor-element elementor-element-e3328a2 elementor-widget elementor-widget-text-editor\" data-id=\"e3328a2\" data-element_type=\"widget\" data-widget_type=\"text-editor.default\">\n\t\t\t\t\t\t\t\t\t<ul role=\"list\"><li><span style=\"font-weight: 400;\">Pieg\u0101d\u0101jiet kravu uz m\u016bsu noliktavu vai noform\u0113jiet kurjera izsaukumu.<\/span><\/li><li><span style=\"font-weight: 400;\">P\u0101rbaudiet iepakojuma integrit\u0101ti un atbilst\u012bbu pieteikum\u0101 nor\u0101d\u012btajam aprakstam.<\/span><\/li><li><span style=\"font-weight: 400;\">Parakstiet pie\u0146em\u0161anas-nodo\u0161anas aktu.<\/span><\/li><\/ul>\t\t\t\t\t\t\t\t<\/div>\n\t\t\t\t<\/div>\n\t\t<div class=\"elementor-element elementor-element-12b6648 e-con-full e-flex e-con e-child\" data-id=\"12b6648\" data-element_type=\"container\" data-settings=\"{&quot;background_background&quot;:&quot;classic&quot;}\">\n\t\t\t\t<div class=\"elementor-element elementor-element-176c87c elementor-position-inline-start elementor-mobile-position-inline-start elementor-view-default elementor-widget elementor-widget-icon-box\" data-id=\"176c87c\" data-element_type=\"widget\" data-widget_type=\"icon-box.default\">\n\t\t\t\t\t\t\t<div class=\"elementor-icon-box-wrapper\">\n\n\t\t\t\t\t\t<div class=\"elementor-icon-box-icon\">\n\t\t\t\t<span  class=\"elementor-icon\">\n\t\t\t\t<svg xmlns=\"http:\/\/www.w3.org\/2000\/svg\" width=\"52\" height=\"52\" viewBox=\"0 0 52 52\" fill=\"none\"><path d=\"M0 8C0 3.58172 3.58172 0 8 0H44C48.4183 0 52 3.58172 52 8V44C52 48.4183 48.4183 52 44 52H8C3.58172 52 0 48.4183 0 44V8Z\" fill=\"#3D52F4\"><\/path><path d=\"M25.624 35.324C24.76 35.324 23.944 35.156 23.176 34.82C22.408 34.484 21.74 34.008 21.172 33.392C20.612 32.776 20.208 32.048 19.96 31.208L22.756 30.452C22.956 31.14 23.32 31.672 23.848 32.048C24.384 32.416 24.972 32.596 25.612 32.588C26.18 32.588 26.688 32.456 27.136 32.192C27.584 31.928 27.936 31.572 28.192 31.124C28.448 30.668 28.576 30.16 28.576 29.6C28.576 28.744 28.3 28.028 27.748 27.452C27.196 26.876 26.484 26.588 25.612 26.588C25.348 26.588 25.088 26.624 24.832 26.696C24.584 26.768 24.344 26.868 24.112 26.996L22.792 24.716L28.6 19.748L28.852 20.444H20.632V17.72H31.228V20.456L26.56 24.944L26.536 24.092C27.584 24.164 28.476 24.456 29.212 24.968C29.956 25.48 30.524 26.14 30.916 26.948C31.316 27.756 31.516 28.64 31.516 29.6C31.516 30.688 31.248 31.664 30.712 32.528C30.184 33.392 29.472 34.076 28.576 34.58C27.688 35.076 26.704 35.324 25.624 35.324Z\" fill=\"white\"><\/path><\/svg>\t\t\t\t<\/span>\n\t\t\t<\/div>\n\t\t\t\n\t\t\t\t\t\t<div class=\"elementor-icon-box-content\">\n\n\t\t\t\t\t\t\t\t\t<div class=\"elementor-icon-box-title\">\n\t\t\t\t\t\t<span  >\n\t\t\t\t\t\t\tKravas sa\u0146em\u0161ana\t\t\t\t\t\t<\/span>\n\t\t\t\t\t<\/div>\n\t\t\t\t\n\t\t\t\t\n\t\t\t<\/div>\n\t\t\t\n\t\t<\/div>\n\t\t\t\t\t\t<\/div>\n\t\t\t\t<div class=\"elementor-element elementor-element-cd87fd9 elementor-widget elementor-widget-text-editor\" data-id=\"cd87fd9\" data-element_type=\"widget\" data-widget_type=\"text-editor.default\">\n\t\t\t\t\t\t\t\t\t<ul role=\"list\"><li>Pieg\u0101de tiek veikta uz sa\u0146\u0113m\u0113ja adresi.<\/li><li><span style=\"font-weight: 400;\">Sa\u0146em\u0161anas br\u012bd\u012b p\u0101rbaudiet iepakojumu un pavaddokumentus.<\/span><\/li><li><span style=\"font-weight: 400;\">Ja konstat\u0113jat boj\u0101jumus vai neatbilst\u012bbas \u2014 nekav\u0113joties sazinieties ar Infidel mened\u017eeri.<\/span><\/li><\/ul>\t\t\t\t\t\t\t\t<\/div>\n\t\t\t\t<\/div>\n\t\t<div class=\"elementor-element elementor-element-3086a3d e-con-full e-flex e-con e-child\" data-id=\"3086a3d\" data-element_type=\"container\" data-settings=\"{&quot;background_background&quot;:&quot;classic&quot;}\">\n\t\t\t\t<div class=\"elementor-element elementor-element-c0e52e7 elementor-position-inline-start elementor-mobile-position-inline-start elementor-view-default elementor-widget elementor-widget-icon-box\" data-id=\"c0e52e7\" data-element_type=\"widget\" data-widget_type=\"icon-box.default\">\n\t\t\t\t\t\t\t<div class=\"elementor-icon-box-wrapper\">\n\n\t\t\t\t\t\t<div class=\"elementor-icon-box-icon\">\n\t\t\t\t<span  class=\"elementor-icon\">\n\t\t\t\t<svg xmlns=\"http:\/\/www.w3.org\/2000\/svg\" width=\"52\" height=\"52\" viewBox=\"0 0 52 52\" fill=\"none\"><path d=\"M0 8C0 3.58172 3.58172 0 8 0H44C48.4183 0 52 3.58172 52 8V44C52 48.4183 48.4183 52 44 52H8C3.58172 52 0 48.4183 0 44V8Z\" fill=\"#3D52F4\"><\/path><path d=\"M27.356 35V32.144H19.7V29.444L25.232 17.72H28.532L23 29.444H27.356V24.944H30.284V29.444H31.904V32.144H30.284V35H27.356Z\" fill=\"white\"><\/path><\/svg>\t\t\t\t<\/span>\n\t\t\t<\/div>\n\t\t\t\n\t\t\t\t\t\t<div class=\"elementor-icon-box-content\">\n\n\t\t\t\t\t\t\t\t\t<div class=\"elementor-icon-box-title\">\n\t\t\t\t\t\t<span  >\n\t\t\t\t\t\t\tSvar\u012bgi padomi un ieteikumi\t\t\t\t\t\t<\/span>\n\t\t\t\t\t<\/div>\n\t\t\t\t\n\t\t\t\t\n\t\t\t<\/div>\n\t\t\t\n\t\t<\/div>\n\t\t\t\t\t\t<\/div>\n\t\t\t\t<div class=\"elementor-element elementor-element-248bc1a elementor-widget elementor-widget-text-editor\" data-id=\"248bc1a\" data-element_type=\"widget\" data-widget_type=\"text-editor.default\">\n\t\t\t\t\t\t\t\t\t<ul role=\"list\"><li><span style=\"font-weight: 400;\">Preciz\u0113jiet nepiecie\u0161amo dokumentu sarakstu atbilsto\u0161i j\u016bsu kravas veidam.<\/span><\/li><li>Starptautiskajiem s\u016bt\u012bjumiem sniedziet pilnu inform\u0101ciju: nosaukumu, daudzumu, <span style=\"font-weight: 400;\">v\u0113rt\u012bbu, izcelsmes valsti, KN kodu.<\/span><\/li><li><span style=\"font-weight: 400;\">Apsveriet kravas apdro\u0161in\u0101\u0161anu \u2014 tas samazina finansi\u0101los riskus.<\/span><\/li><li>Saglab\u0101jiet visus dokumentus un apstiprin\u0101jumus l\u012bdz pieg\u0101des pabeig\u0161anai.<\/li><\/ul>\t\t\t\t\t\t\t\t<\/div>\n\t\t\t\t<\/div>\n\t\t\t\t<\/div>\n\t\t\t\t\t<\/div>\n\t\t\t\t<\/div>\n\t\t\t\t<\/div>\n\t\t","protected":false},"excerpt":{"rendered":"<p>Instrukcijas K\u0101 \u0101tri un vienk\u0101r\u0161i nos\u016bt\u012bt s\u016bt\u012bjumu Kravas sagatavo\u0161ana nos\u016bt\u012b\u0161anai Iepakojiet kravu dro\u0161i, atbilsto\u0161i t\u0101s veidam: Trauslas preces &#8211; burbu\u013cpl\u0113ve, biezas kartona kastes. Lielgabar\u012bta kravas \u2014 koka kastes, stingra nostiprin\u0101\u0161ana iek\u0161pus\u0113. B\u012bstam\u0101s kravas &#8211; stingri saska\u0146\u0101 ar mar\u0137\u0113juma pras\u012bb\u0101m un starptautiskajiem noteikumiem. P\u0101rliecinieties, ka iepakojums aizsarg\u0101 preci no p\u0101rvieto\u0161anas un boj\u0101jumiem. Kravas nodo\u0161ana Pieg\u0101d\u0101jiet kravu [&hellip;]<\/p>\n","protected":false},"author":2,"featured_media":0,"parent":0,"menu_order":0,"comment_status":"closed","ping_status":"closed","template":"","meta":{"inline_featured_image":false,"footnotes":""},"class_list":["post-791","page","type-page","status-publish","hentry"],"_links":{"self":[{"href":"https:\/\/infidelsia.com\/lv\/wp-json\/wp\/v2\/pages\/791","targetHints":{"allow":["GET"]}}],"collection":[{"href":"https:\/\/infidelsia.com\/lv\/wp-json\/wp\/v2\/pages"}],"about":[{"href":"https:\/\/infidelsia.com\/lv\/wp-json\/wp\/v2\/types\/page"}],"author":[{"embeddable":true,"href":"https:\/\/infidelsia.com\/lv\/wp-json\/wp\/v2\/users\/2"}],"replies":[{"embeddable":true,"href":"https:\/\/infidelsia.com\/lv\/wp-json\/wp\/v2\/comments?post=791"}],"version-history":[{"count":9,"href":"https:\/\/infidelsia.com\/lv\/wp-json\/wp\/v2\/pages\/791\/revisions"}],"predecessor-version":[{"id":1452,"href":"https:\/\/infidelsia.com\/lv\/wp-json\/wp\/v2\/pages\/791\/revisions\/1452"}],"wp:attachment":[{"href":"https:\/\/infidelsia.com\/lv\/wp-json\/wp\/v2\/media?parent=791"}],"curies":[{"name":"wp","href":"https:\/\/api.w.org\/{rel}","templated":true}]}}