{"id":814,"date":"2025-12-03T17:45:00","date_gmt":"2025-12-03T17:45:00","guid":{"rendered":"https:\/\/infidel.r-one.dev\/timekla-vietnes-lietosanas-noteikumi\/"},"modified":"2025-12-03T17:45:00","modified_gmt":"2025-12-03T17:45:00","slug":"timekla-vietnes-lietosanas-noteikumi","status":"publish","type":"page","link":"https:\/\/infidelsia.com\/lv\/timekla-vietnes-lietosanas-noteikumi\/","title":{"rendered":"T\u012bmek\u013ca vietnes lieto\u0161anas noteikumi"},"content":{"rendered":"\t\t<div data-elementor-type=\"wp-page\" data-elementor-id=\"814\" class=\"elementor elementor-814\" data-elementor-post-type=\"page\">\n\t\t\t\t<div class=\"elementor-element elementor-element-b3cc189 e-flex e-con-boxed e-con e-parent\" data-id=\"b3cc189\" data-element_type=\"container\">\n\t\t\t\t\t<div class=\"e-con-inner\">\n\t\t<div class=\"elementor-element elementor-element-6cec378 e-con-full e-flex e-con e-child\" data-id=\"6cec378\" data-element_type=\"container\">\n\t\t\t\t<\/div>\n\t\t<div class=\"elementor-element elementor-element-8e0c756 e-con-full e-flex e-con e-child\" data-id=\"8e0c756\" data-element_type=\"container\">\n\t\t\t\t<\/div>\n\t\t\t\t\t<\/div>\n\t\t\t\t<\/div>\n\t\t<div class=\"elementor-element elementor-element-0cec60d e-flex e-con-boxed e-con e-parent\" data-id=\"0cec60d\" data-element_type=\"container\">\n\t\t\t\t\t<div class=\"e-con-inner\">\n\t\t\t\t<div class=\"elementor-element elementor-element-ac9d37d elementor-widget elementor-widget-text-editor\" data-id=\"ac9d37d\" data-element_type=\"widget\" data-widget_type=\"text-editor.default\">\n\t\t\t\t\t\t\t\t\t<p><strong>1. Visp\u0101r\u012bgie noteikumi<\/strong><\/p><p>\u0160ie lieto\u0161anas noteikumi regul\u0113 piek\u013cuvi SIA Infidel t\u012bmek\u013ca vietnei un t\u0101s izmanto\u0161anu. Izmantojot t\u012bmek\u013ca vietni, j\u016bs apstiprin\u0101t, ka esat izlas\u012bjis un piekr\u012btat \u0161iem noteikumiem.<\/p><p><strong>2. T\u012bmek\u013ca vietnes izmanto\u0161ana<\/strong><\/p><p>T\u012bmek\u013ca vietni dr\u012bkst izmantot tikai likum\u012bgiem m\u0113r\u0137iem. Lietot\u0101ji ap\u0146emas neveikt darb\u012bbas, kas var kait\u0113t, trauc\u0113t vai apgr\u016btin\u0101t t\u012bmek\u013ca vietnes darb\u012bbu, dro\u0161\u012bbu vai pieejam\u012bbu.<\/p><p><strong>3. Saturs un intelektu\u0101lais \u012bpa\u0161ums<\/strong><\/p><p>Viss t\u012bmek\u013ca vietn\u0113 public\u0113tais saturs, tostarp teksts, att\u0113li, logotipi un dizaina elementi, ir SIA Infidel vai t\u0101s partneru \u012bpa\u0161ums un ir aizsarg\u0101ts ar intelektu\u0101l\u0101 \u012bpa\u0161uma ties\u012bb\u0101m. Satura izmanto\u0161ana bez iepriek\u0161\u0113jas rakstiskas piekri\u0161anas ir aizliegta.<\/p><p><strong>4. Inform\u0101cijas precizit\u0101te<\/strong><\/p><p>T\u012bmek\u013ca vietn\u0113 sniegt\u0101 inform\u0101cija ir paredz\u0113ta tikai visp\u0101r\u012bgai iepaz\u012b\u0161anai. Neskatoties uz to, ka SIA Infidel veic sapr\u0101t\u012bgas p\u016bles, lai nodro\u0161in\u0101tu inform\u0101cijas precizit\u0101ti, uz\u0146\u0113mums negarant\u0113, ka visa inform\u0101cija ir piln\u012bga vai aktu\u0101la.<\/p><p><strong>5. Atbild\u012bbas ierobe\u017eojums<\/strong><\/p><p>SIA Infidel nav atbild\u012bga par jebk\u0101diem tie\u0161iem vai netie\u0161iem zaud\u0113jumiem, kas radu\u0161ies t\u012bmek\u013ca vietnes izmanto\u0161anas vai neizmanto\u0161anas rezult\u0101t\u0101, tostarp tehnisk\u0101m k\u013c\u016bm\u0113m vai k\u013c\u016bd\u0101m.<\/p><p><strong>6. \u0100r\u0113j\u0101s saites<\/strong><\/p><p>T\u012bmek\u013ca vietn\u0113 var b\u016bt saites uz tre\u0161o personu t\u012bmek\u013ca vietn\u0113m. SIA Infidel nav atbild\u012bga par \u0161\u0101du t\u012bmek\u013ca viet\u0146u saturu vai konfidencialit\u0101tes politiku.<\/p><p><strong>7. Konfidencialit\u0101te<\/strong><\/p><p>Ar t\u012bmek\u013ca vietnes izmanto\u0161anu saist\u012bto personas datu apstr\u0101de tiek regul\u0113ta ar SIA Infidel konfidencialit\u0101tes politiku.<\/p><p><strong>8. Izmai\u0146as noteikumos<\/strong><\/p><p>SIA Infidel var jebkur\u0101 br\u012bd\u012b bez iepriek\u0161\u0113ja pazi\u0146ojuma main\u012bt \u0161os Lieto\u0161anas noteikumus. Turpinot izmantot t\u012bmek\u013ca vietni, j\u016bs piekr\u012btat atjaunin\u0101tajiem Noteikumiem.<\/p><p><strong>9. Piem\u0113rojamie ties\u012bbu akti<\/strong><\/p><p>\u0160ie Lieto\u0161anas noteikumi tiek regul\u0113ti ar Latvijas Republikas ties\u012bbu aktiem. Jebk\u0101di str\u012bdi tiek risin\u0101ti saska\u0146\u0101 ar Latvijas ties\u012bbu aktiem.<\/p>\t\t\t\t\t\t\t\t<\/div>\n\t\t\t\t\t<\/div>\n\t\t\t\t<\/div>\n\t\t\t\t<\/div>\n\t\t","protected":false},"excerpt":{"rendered":"<p>1. Visp\u0101r\u012bgie noteikumi \u0160ie lieto\u0161anas noteikumi regul\u0113 piek\u013cuvi SIA Infidel t\u012bmek\u013ca vietnei un t\u0101s izmanto\u0161anu. Izmantojot t\u012bmek\u013ca vietni, j\u016bs apstiprin\u0101t, ka esat izlas\u012bjis un piekr\u012btat \u0161iem noteikumiem. 2. T\u012bmek\u013ca vietnes izmanto\u0161ana T\u012bmek\u013ca vietni dr\u012bkst izmantot tikai likum\u012bgiem m\u0113r\u0137iem. Lietot\u0101ji ap\u0146emas neveikt darb\u012bbas, kas var kait\u0113t, trauc\u0113t vai apgr\u016btin\u0101t t\u012bmek\u013ca vietnes darb\u012bbu, dro\u0161\u012bbu vai pieejam\u012bbu. 3. [&hellip;]<\/p>\n","protected":false},"author":2,"featured_media":0,"parent":0,"menu_order":0,"comment_status":"closed","ping_status":"closed","template":"","meta":{"inline_featured_image":false,"footnotes":""},"class_list":["post-814","page","type-page","status-publish","hentry"],"_links":{"self":[{"href":"https:\/\/infidelsia.com\/lv\/wp-json\/wp\/v2\/pages\/814","targetHints":{"allow":["GET"]}}],"collection":[{"href":"https:\/\/infidelsia.com\/lv\/wp-json\/wp\/v2\/pages"}],"about":[{"href":"https:\/\/infidelsia.com\/lv\/wp-json\/wp\/v2\/types\/page"}],"author":[{"embeddable":true,"href":"https:\/\/infidelsia.com\/lv\/wp-json\/wp\/v2\/users\/2"}],"replies":[{"embeddable":true,"href":"https:\/\/infidelsia.com\/lv\/wp-json\/wp\/v2\/comments?post=814"}],"version-history":[{"count":0,"href":"https:\/\/infidelsia.com\/lv\/wp-json\/wp\/v2\/pages\/814\/revisions"}],"wp:attachment":[{"href":"https:\/\/infidelsia.com\/lv\/wp-json\/wp\/v2\/media?parent=814"}],"curies":[{"name":"wp","href":"https:\/\/api.w.org\/{rel}","templated":true}]}}